{"id":5942,"date":"2022-08-22T10:07:16","date_gmt":"2022-08-22T10:07:16","guid":{"rendered":"https:\/\/mabuko.co.mz\/?post_type=product&#038;p=5942"},"modified":"2023-01-05T13:53:51","modified_gmt":"2023-01-05T13:53:51","slug":"codigo-de-processo-civil-nova-edicao","status":"publish","type":"product","link":"https:\/\/mabuko.co.mz\/site\/?product=codigo-de-processo-civil-nova-edicao","title":{"rendered":"C\u00d3DIGO DE PROCESSO CIVIL Nova edi\u00e7\u00e3o"},"content":{"rendered":"<p>9789896118075<\/p>\n","protected":false},"excerpt":{"rendered":"<p><strong>SINOPSE<\/strong><\/p>\n<p>A Colec\u00e7\u00e3o\u00a0Legisla\u00e7\u00e3o tem um novo formato para ser mais f\u00e1cil de manusear e transportar. Todas as edi\u00e7\u00f5es contam com o apoio de uma experiente equipa de especialistas para ir ao encontro das expectativas e necessidade de todos os que, na sua vida profissional e pessoal, lidam com quest\u00f5es legais.<\/p>\n<p>Sempre actualizada e de f\u00e1cil consulta, esta Colec\u00e7\u00e3o \u00e9 uma ferramenta de trabalho de refer\u00eancia, que permite a explora\u00e7\u00e3o r\u00e1pida e segura\u00a0 da legisla\u00e7\u00e3o.<\/p>\n<p>C\u00f3digo de processo Civil (Decreto-lei n.44129, de 28 de Dezembro de 1961)<\/p>\n<p>Lei da Organiza\u00e7\u00e3o Judici\u00e1ria (Lei n. 24\/2007, de 20 de Agosto)<\/p>\n<p>Estatuto dos Magistrados Judiciais (Lei n 7\/2009, de 11 de Mar\u00e7o)<\/p>\n<p>Lei Org\u00e2nica do Minist\u00e9rio Publico (Lei n 4\/2017, de 18 de Janeiro)<\/p>\n<p>Lei da Arbitragem,Concilia\u00e7\u00e3o e Media\u00e7\u00e3o ( Lei n. 11\/99, de 8 de Julho)<\/p>\n","protected":false},"featured_media":5943,"template":"","meta":{"_monsterinsights_skip_tracking":false,"_monsterinsights_sitenote_active":false,"_monsterinsights_sitenote_note":"","_monsterinsights_sitenote_category":0},"product_cat":[102],"product_tag":[],"class_list":{"0":"post-5942","1":"product","2":"type-product","3":"status-publish","4":"has-post-thumbnail","6":"product_cat-livros-tecnicos","8":"first","9":"outofstock","10":"shipping-taxable","11":"purchasable","12":"product-type-simple"},"_links":{"self":[{"href":"https:\/\/mabuko.co.mz\/site\/index.php?rest_route=\/wp\/v2\/product\/5942","targetHints":{"allow":["GET"]}}],"collection":[{"href":"https:\/\/mabuko.co.mz\/site\/index.php?rest_route=\/wp\/v2\/product"}],"about":[{"href":"https:\/\/mabuko.co.mz\/site\/index.php?rest_route=\/wp\/v2\/types\/product"}],"wp:featuredmedia":[{"embeddable":true,"href":"https:\/\/mabuko.co.mz\/site\/index.php?rest_route=\/wp\/v2\/media\/5943"}],"wp:attachment":[{"href":"https:\/\/mabuko.co.mz\/site\/index.php?rest_route=%2Fwp%2Fv2%2Fmedia&parent=5942"}],"wp:term":[{"taxonomy":"product_cat","embeddable":true,"href":"https:\/\/mabuko.co.mz\/site\/index.php?rest_route=%2Fwp%2Fv2%2Fproduct_cat&post=5942"},{"taxonomy":"product_tag","embeddable":true,"href":"https:\/\/mabuko.co.mz\/site\/index.php?rest_route=%2Fwp%2Fv2%2Fproduct_tag&post=5942"}],"curies":[{"name":"wp","href":"https:\/\/api.w.org\/{rel}","templated":true}]}}