{"id":5877,"date":"2022-08-17T13:02:56","date_gmt":"2022-08-17T13:02:56","guid":{"rendered":"https:\/\/mabuko.co.mz\/?post_type=product&#038;p=5877"},"modified":"2023-01-05T13:58:12","modified_gmt":"2023-01-05T13:58:12","slug":"turismo-acessibilidade-e-cidadania","status":"publish","type":"product","link":"https:\/\/mabuko.co.mz\/site\/?product=turismo-acessibilidade-e-cidadania","title":{"rendered":"TURISMO, ACESSIBILIDADE E CIDADANIA"},"content":{"rendered":"<p>Isa\u00fa Meneses<\/p>\n","protected":false},"excerpt":{"rendered":"<p><strong>SINOPSE<\/strong><\/p>\n<p>Longe da verdade ou n\u00e3o, \u00e1 partida, de algum modo nos parecia estar numa situa\u00e7\u00e3o em que incr\u00e9dulos ou vacilantes, entre murm\u00farios, indigna\u00e7\u00f5es perdidas no sil\u00eancio e insinua\u00e7\u00f5es, politicas ou n\u00e3o, cientistas sociais, cidad\u00e3os comuns e n\u00e3o s\u00f3, perplexos ou n\u00e3o, perante tantos problemas de inacessibilidade em tantos campos da vida e do saber, se indagavam:<\/p>\n<p>Mas afinal \u201cquem p\u00f5e o guizo ao gato\u201d!?<\/p>\n<p>\u00c9, reconhecido o m\u00e9rito das primeiras abordagens e os esfor\u00e7os dos respectivos autores, que o grupo de disciplina de Turismo Cultural do Instituto Superior de Artes e Cultura (ISArC), no interesse de tamb\u00e9m p\u00f4r\u00a0 \u201ca sua pitada de sal\u201d na quest\u00e3o, entre timidez e aud\u00e1cia, mod\u00e9stia e ousadia, decidiu lan\u00e7ar m\u00e3os a lavoura que resultou na obra que ora tendes em vossas m\u00e3os.<\/p>\n<p>Este livro, na ess\u00eancia, versa sobre as quest\u00f5es de acessibilidade, vista de forma transversal.<\/p>\n<p>Em suma, a obra procura responder fundamentalmente a tr\u00eas quest\u00f5es:<\/p>\n<p>Nas \u00e1reas e s\u00edtios em refer\u00eancia qual \u00e9 o estagio da problem\u00e1tica da acessibilidade?<\/p>\n<p>Qual a import\u00e2ncia do tratamento das quest\u00f5es de acessibilidade?<\/p>\n<p>O que se deve fazer para tornar essas \u00e1reas e s\u00edtios, mais acess\u00edveis e inclusivos?<\/p>\n","protected":false},"featured_media":5878,"template":"","meta":{"_monsterinsights_skip_tracking":false,"_monsterinsights_sitenote_active":false,"_monsterinsights_sitenote_note":"","_monsterinsights_sitenote_category":0},"product_cat":[102],"product_tag":[],"class_list":{"0":"post-5877","1":"product","2":"type-product","3":"status-publish","4":"has-post-thumbnail","6":"product_cat-livros-tecnicos","7":"pa_book-author-isau-meneses","9":"first","10":"outofstock","11":"shipping-taxable","12":"purchasable","13":"product-type-simple"},"_links":{"self":[{"href":"https:\/\/mabuko.co.mz\/site\/index.php?rest_route=\/wp\/v2\/product\/5877","targetHints":{"allow":["GET"]}}],"collection":[{"href":"https:\/\/mabuko.co.mz\/site\/index.php?rest_route=\/wp\/v2\/product"}],"about":[{"href":"https:\/\/mabuko.co.mz\/site\/index.php?rest_route=\/wp\/v2\/types\/product"}],"wp:featuredmedia":[{"embeddable":true,"href":"https:\/\/mabuko.co.mz\/site\/index.php?rest_route=\/wp\/v2\/media\/5878"}],"wp:attachment":[{"href":"https:\/\/mabuko.co.mz\/site\/index.php?rest_route=%2Fwp%2Fv2%2Fmedia&parent=5877"}],"wp:term":[{"taxonomy":"product_cat","embeddable":true,"href":"https:\/\/mabuko.co.mz\/site\/index.php?rest_route=%2Fwp%2Fv2%2Fproduct_cat&post=5877"},{"taxonomy":"product_tag","embeddable":true,"href":"https:\/\/mabuko.co.mz\/site\/index.php?rest_route=%2Fwp%2Fv2%2Fproduct_tag&post=5877"}],"curies":[{"name":"wp","href":"https:\/\/api.w.org\/{rel}","templated":true}]}}