{"id":5753,"date":"2022-08-08T10:34:13","date_gmt":"2022-08-08T10:34:13","guid":{"rendered":"https:\/\/mabuko.co.mz\/?post_type=product&#038;p=5753"},"modified":"2023-01-05T14:01:16","modified_gmt":"2023-01-05T14:01:16","slug":"10-conselhos-valiosos-para-profissionais-principiantes","status":"publish","type":"product","link":"https:\/\/mabuko.co.mz\/site\/?product=10-conselhos-valiosos-para-profissionais-principiantes","title":{"rendered":"10 CONSELHOS VALIOSOS Para profissionais principiantes"},"content":{"rendered":"<p>Gilberto Correia<\/p>\n<p>9788541403528<\/p>\n","protected":false},"excerpt":{"rendered":"<p><strong>SINOPSE<\/strong><\/p>\n<p>Num mundo cada vez mais VICA- Veloz, Inst\u00e1vel, Complexo e Amb\u00edguo- os desafios para os profissionais que buscam o \u00eaxito num mercado cada vez mais complexo s<span style=\"font-size: 1rem;\">\u00e3<\/span><span style=\"font-size: 1rem;\">o <\/span><span style=\"font-size: 1rem;\">enormes.<\/span><\/p>\n<p>Num mundo em que a intelig\u00eancia artificial come\u00e7a a ganhar destaque, os jovens profissionais ter<span style=\"font-size: 1rem;\">\u00e3<\/span><span style=\"font-size: 1rem;\">o <\/span>que mostrar e demonstrar certas habilidades que os tornar<span style=\"font-size: 1rem;\">\u00e3<\/span><span style=\"font-size: 1rem;\">o<\/span> profissionais bem sucedidos e empreg\u00e1veis.<\/p>\n<p>Gilberto Correia, renomado e reconhecido Advogado mo\u00e7ambicano, aponta neste livro dez valores que ajudar<span style=\"font-size: 1rem;\">\u00e3<\/span><span style=\"font-size: 1rem;\">o<\/span> esses iniciantes a obter sucesso em qualquer actividade ou iniciativa.<\/p>\n<p>A gera\u00e7\u00e3o Millennials, cada vez mais ligada ao universo tecnol\u00f3gico, precisa compreender que esses conhecimentos n\u00e3o s\u00e3o suficientes para a obten\u00e7\u00e3o de uma carreira bem sucedida.<\/p>\n<p>Novos postos e trabalho, a maioria ainda inexistentes, v\u00e3o requerer do principiante, no futuro, uma enorme capacidade de mudan\u00e7as e adapta,coes, assim como flexibilidade para adequar seus conhecimentos.<\/p>\n<p>Este livro \u00e9 um roteiro para se ter sucesso nos seus desafios profissionais!<\/p>\n","protected":false},"featured_media":5756,"template":"","meta":{"_monsterinsights_skip_tracking":false,"_monsterinsights_sitenote_active":false,"_monsterinsights_sitenote_note":"","_monsterinsights_sitenote_category":0},"product_cat":[103],"product_tag":[],"class_list":{"0":"post-5753","1":"product","2":"type-product","3":"status-publish","4":"has-post-thumbnail","6":"product_cat-literatura","7":"pa_book-author-gilberto-correia","9":"first","10":"outofstock","11":"shipping-taxable","12":"purchasable","13":"product-type-simple"},"_links":{"self":[{"href":"https:\/\/mabuko.co.mz\/site\/index.php?rest_route=\/wp\/v2\/product\/5753","targetHints":{"allow":["GET"]}}],"collection":[{"href":"https:\/\/mabuko.co.mz\/site\/index.php?rest_route=\/wp\/v2\/product"}],"about":[{"href":"https:\/\/mabuko.co.mz\/site\/index.php?rest_route=\/wp\/v2\/types\/product"}],"wp:featuredmedia":[{"embeddable":true,"href":"https:\/\/mabuko.co.mz\/site\/index.php?rest_route=\/wp\/v2\/media\/5756"}],"wp:attachment":[{"href":"https:\/\/mabuko.co.mz\/site\/index.php?rest_route=%2Fwp%2Fv2%2Fmedia&parent=5753"}],"wp:term":[{"taxonomy":"product_cat","embeddable":true,"href":"https:\/\/mabuko.co.mz\/site\/index.php?rest_route=%2Fwp%2Fv2%2Fproduct_cat&post=5753"},{"taxonomy":"product_tag","embeddable":true,"href":"https:\/\/mabuko.co.mz\/site\/index.php?rest_route=%2Fwp%2Fv2%2Fproduct_tag&post=5753"}],"curies":[{"name":"wp","href":"https:\/\/api.w.org\/{rel}","templated":true}]}}