{"id":5740,"date":"2022-08-05T10:15:06","date_gmt":"2022-08-05T10:15:06","guid":{"rendered":"https:\/\/mabuko.co.mz\/?post_type=product&#038;p=5740"},"modified":"2023-08-04T08:44:36","modified_gmt":"2023-08-04T08:44:36","slug":"muchilas-organice-busquets","status":"publish","type":"product","link":"https:\/\/mabuko.co.mz\/site\/?product=muchilas-organice-busquets","title":{"rendered":"MOCHILA ORGANICE  Busquets"},"content":{"rendered":"<p>Organice \u00e9 uma nova colec\u00e7\u00e3o de mochilas, bolsas e acess\u00f3rios, como estojos e capas funcionais projectados para escrit\u00f3rios e viagens e com um conceito muito urbano e leve, combinando 4 cores vivas e frescas.<\/p>\n<p>As mochilas combinam mais de dois tecidos, o principal \u00e9 um pano azul escuro de sargit de nylon com um tecido interno com acabamento \u00e0 prova de &#8216;\u00e1gua. O segundo tecido que muda de cor \u00e9 um rip stop de nylon com acabamento PU imperme\u00e1vel. Todos os formatos usam tiras e z\u00edperes de prata em nylon e puxadores de z\u00edper prateados e niquelados.<\/p>\n<p>O log\u00f3tipo ORGANICE \u00e9 impresso com tinta reflexiva, para que, al\u00e9m da fun\u00e7\u00e3o est\u00e9tica, tenha uma fun\u00e7\u00e3o urbana de seguran\u00e7a nocturna. Assim como os formatos de mochila, h\u00e1 um bolso oculto na parte de tr\u00e1s que funciona no bolso anti-roubo, pois \u00e9 muito dif\u00edcil o acesso e o conhecimento.<\/p>\n","protected":false},"excerpt":{"rendered":"<p>Organice \u00e9 uma nova colec\u00e7\u00e3o de mochilas, bolsas e acess\u00f3rios, como estojos e capas funcionais projectados para escrit\u00f3rios e viagens e com um conceito muito urbano e leve, combinando 4 cores vivas e frescas. As mochilas combinam mais de dois tecidos, o principal \u00e9 um pano azul escuro de sargit de nylon com um tecido [&hellip;]<\/p>\n","protected":false},"featured_media":5744,"template":"","meta":{"_monsterinsights_skip_tracking":false,"_monsterinsights_sitenote_active":false,"_monsterinsights_sitenote_note":"","_monsterinsights_sitenote_category":0},"product_cat":[109],"product_tag":[],"class_list":{"0":"post-5740","1":"product","2":"type-product","3":"status-publish","4":"has-post-thumbnail","6":"product_cat-apoio-escolar","8":"first","9":"outofstock","10":"shipping-taxable","11":"purchasable","12":"product-type-simple"},"_links":{"self":[{"href":"https:\/\/mabuko.co.mz\/site\/index.php?rest_route=\/wp\/v2\/product\/5740","targetHints":{"allow":["GET"]}}],"collection":[{"href":"https:\/\/mabuko.co.mz\/site\/index.php?rest_route=\/wp\/v2\/product"}],"about":[{"href":"https:\/\/mabuko.co.mz\/site\/index.php?rest_route=\/wp\/v2\/types\/product"}],"wp:featuredmedia":[{"embeddable":true,"href":"https:\/\/mabuko.co.mz\/site\/index.php?rest_route=\/wp\/v2\/media\/5744"}],"wp:attachment":[{"href":"https:\/\/mabuko.co.mz\/site\/index.php?rest_route=%2Fwp%2Fv2%2Fmedia&parent=5740"}],"wp:term":[{"taxonomy":"product_cat","embeddable":true,"href":"https:\/\/mabuko.co.mz\/site\/index.php?rest_route=%2Fwp%2Fv2%2Fproduct_cat&post=5740"},{"taxonomy":"product_tag","embeddable":true,"href":"https:\/\/mabuko.co.mz\/site\/index.php?rest_route=%2Fwp%2Fv2%2Fproduct_tag&post=5740"}],"curies":[{"name":"wp","href":"https:\/\/api.w.org\/{rel}","templated":true}]}}