{"id":5719,"date":"2022-08-03T13:55:45","date_gmt":"2022-08-03T13:55:45","guid":{"rendered":"https:\/\/mabuko.co.mz\/?post_type=product&#038;p=5719"},"modified":"2023-01-05T13:23:31","modified_gmt":"2023-01-05T13:23:31","slug":"a-morte-de-samora-machel","status":"publish","type":"product","link":"https:\/\/mabuko.co.mz\/site\/?product=a-morte-de-samora-machel","title":{"rendered":"A MORTE DE SAMORA MACHEL"},"content":{"rendered":"<p>Jo\u00e3o M. Cabrita<\/p>\n","protected":false},"excerpt":{"rendered":"<p><strong>SINOPSE<\/strong><\/p>\n<p>persistem d\u00favidas sobre o que ter\u00e1 realmente acontecido na fat\u00eddica noite de 19 de Outubro de 1986 quando uma aeronave do tipo Tupolev-134\u00aa, sob os comandos de uma tripula\u00e7\u00e3o cedida ao governo de Mo\u00e7ambique pela entao uni\u2019ao Sovi\u00e9tica, embateu contra a regi\u00e3o montanhosa dos Limbombos, em territ\u00f3rio sul-africano, causando a morte do Presidente Samora Machel e de outras 33 pessoas.<\/p>\n<p>Ser\u00e1 que de facto se tratou de um \u201cacto de terrorismo de Estado\u201d perpetrado pelo antigo regime do apartheid, como insistentemente alegam as autoridades mo\u00e7ambicanas?<\/p>\n<p>Ter\u00e1 havido algu\u00e9m em mo\u00e7ambique que facilitou tal acto, como publicamente o declarou a vi\u00fava do primeiro chefe de Estado mo\u00e7ambicano, Gra\u00e7a Machel?<\/p>\n<p>Ou foi tudo consequ\u00eancia de erros da tripula\u00e7\u00e3o?<\/p>\n","protected":false},"featured_media":5721,"template":"","meta":{"_monsterinsights_skip_tracking":false,"_monsterinsights_sitenote_active":false,"_monsterinsights_sitenote_note":"","_monsterinsights_sitenote_category":0},"product_cat":[319],"product_tag":[],"class_list":{"0":"post-5719","1":"product","2":"type-product","3":"status-publish","4":"has-post-thumbnail","6":"product_cat-literatura-mocambicana","7":"pa_book-author-joao-m-cabrita","9":"first","10":"outofstock","11":"shipping-taxable","12":"purchasable","13":"product-type-simple"},"_links":{"self":[{"href":"https:\/\/mabuko.co.mz\/site\/index.php?rest_route=\/wp\/v2\/product\/5719","targetHints":{"allow":["GET"]}}],"collection":[{"href":"https:\/\/mabuko.co.mz\/site\/index.php?rest_route=\/wp\/v2\/product"}],"about":[{"href":"https:\/\/mabuko.co.mz\/site\/index.php?rest_route=\/wp\/v2\/types\/product"}],"wp:featuredmedia":[{"embeddable":true,"href":"https:\/\/mabuko.co.mz\/site\/index.php?rest_route=\/wp\/v2\/media\/5721"}],"wp:attachment":[{"href":"https:\/\/mabuko.co.mz\/site\/index.php?rest_route=%2Fwp%2Fv2%2Fmedia&parent=5719"}],"wp:term":[{"taxonomy":"product_cat","embeddable":true,"href":"https:\/\/mabuko.co.mz\/site\/index.php?rest_route=%2Fwp%2Fv2%2Fproduct_cat&post=5719"},{"taxonomy":"product_tag","embeddable":true,"href":"https:\/\/mabuko.co.mz\/site\/index.php?rest_route=%2Fwp%2Fv2%2Fproduct_tag&post=5719"}],"curies":[{"name":"wp","href":"https:\/\/api.w.org\/{rel}","templated":true}]}}