{"id":5704,"date":"2022-08-03T10:04:30","date_gmt":"2022-08-03T10:04:30","guid":{"rendered":"https:\/\/mabuko.co.mz\/?post_type=product&#038;p=5704"},"modified":"2023-07-18T06:51:12","modified_gmt":"2023-07-18T06:51:12","slug":"primeiro-livro-de-poesia-uma-introducao-de-mocambique","status":"publish","type":"product","link":"https:\/\/mabuko.co.mz\/site\/?product=primeiro-livro-de-poesia-uma-introducao-de-mocambique","title":{"rendered":"PRIMEIRO LIVRO DE POESIA uma introdu\u00e7\u00e3o de Mo\u00e7ambique"},"content":{"rendered":"<p>Pedro Pereira Lopes<\/p>\n<p>9789898468079<\/p>\n","protected":false},"excerpt":{"rendered":"<p>Pedro Pereira Lopes 9789898468079<\/p>\n","protected":false},"featured_media":5705,"template":"","meta":{"_monsterinsights_skip_tracking":false,"_monsterinsights_sitenote_active":false,"_monsterinsights_sitenote_note":"","_monsterinsights_sitenote_category":0},"product_cat":[170],"product_tag":[],"class_list":{"0":"post-5704","1":"product","2":"type-product","3":"status-publish","4":"has-post-thumbnail","6":"product_cat-poesia","7":"pa_book-author-pedro-pereira-lopes","9":"first","10":"outofstock","11":"shipping-taxable","12":"purchasable","13":"product-type-simple"},"_links":{"self":[{"href":"https:\/\/mabuko.co.mz\/site\/index.php?rest_route=\/wp\/v2\/product\/5704","targetHints":{"allow":["GET"]}}],"collection":[{"href":"https:\/\/mabuko.co.mz\/site\/index.php?rest_route=\/wp\/v2\/product"}],"about":[{"href":"https:\/\/mabuko.co.mz\/site\/index.php?rest_route=\/wp\/v2\/types\/product"}],"wp:featuredmedia":[{"embeddable":true,"href":"https:\/\/mabuko.co.mz\/site\/index.php?rest_route=\/wp\/v2\/media\/5705"}],"wp:attachment":[{"href":"https:\/\/mabuko.co.mz\/site\/index.php?rest_route=%2Fwp%2Fv2%2Fmedia&parent=5704"}],"wp:term":[{"taxonomy":"product_cat","embeddable":true,"href":"https:\/\/mabuko.co.mz\/site\/index.php?rest_route=%2Fwp%2Fv2%2Fproduct_cat&post=5704"},{"taxonomy":"product_tag","embeddable":true,"href":"https:\/\/mabuko.co.mz\/site\/index.php?rest_route=%2Fwp%2Fv2%2Fproduct_tag&post=5704"}],"curies":[{"name":"wp","href":"https:\/\/api.w.org\/{rel}","templated":true}]}}