{"id":5694,"date":"2022-08-03T09:26:18","date_gmt":"2022-08-03T09:26:18","guid":{"rendered":"https:\/\/mabuko.co.mz\/?post_type=product&#038;p=5694"},"modified":"2023-01-05T13:33:02","modified_gmt":"2023-01-05T13:33:02","slug":"a-frequencia-do-silencio","status":"publish","type":"product","link":"https:\/\/mabuko.co.mz\/site\/?product=a-frequencia-do-silencio","title":{"rendered":"A FREQU\u00caNCIA DO SIL\u00caNCIO"},"content":{"rendered":"<p>Alex Dau<\/p>\n<p>9789899974012<\/p>\n","protected":false},"excerpt":{"rendered":"<p><strong>SINOPSE<\/strong><\/p>\n<p>J\u00e1 li os poemas de ocasi\u00e3o e poemas que moravam num tempo circunscrito e me faziam ir a esses territ\u00f3rios temporais conhece-los.<\/p>\n<p>A leitura dos poemas de Alex Dau (e sei que foram escritos ao longo de anos) remete-me a lugares onde a frescura prevalece assim como o inconformismo e emo\u00e7\u00e3o do homem. H\u00e1 um \u201ceu\u201d errante em busca do novo e do desconhecido qui\u00e7\u00e1 para compensar o cidad\u00e3o que reclama a sua \u201cna\u00e7\u00e3o capturada\u201d ou para fazer reviver Zalala. Nicoadala e Licuari. E h\u00e1 tamb\u00e9m um \u201ceu\u201d que relembra o prazer do amor.<\/p>\n","protected":false},"featured_media":5852,"template":"","meta":{"_monsterinsights_skip_tracking":false,"_monsterinsights_sitenote_active":false,"_monsterinsights_sitenote_note":"","_monsterinsights_sitenote_category":0},"product_cat":[170],"product_tag":[],"class_list":{"0":"post-5694","1":"product","2":"type-product","3":"status-publish","4":"has-post-thumbnail","6":"product_cat-poesia","7":"pa_book-author-alex-dau","9":"first","10":"instock","11":"shipping-taxable","12":"purchasable","13":"product-type-simple"},"_links":{"self":[{"href":"https:\/\/mabuko.co.mz\/site\/index.php?rest_route=\/wp\/v2\/product\/5694","targetHints":{"allow":["GET"]}}],"collection":[{"href":"https:\/\/mabuko.co.mz\/site\/index.php?rest_route=\/wp\/v2\/product"}],"about":[{"href":"https:\/\/mabuko.co.mz\/site\/index.php?rest_route=\/wp\/v2\/types\/product"}],"wp:featuredmedia":[{"embeddable":true,"href":"https:\/\/mabuko.co.mz\/site\/index.php?rest_route=\/wp\/v2\/media\/5852"}],"wp:attachment":[{"href":"https:\/\/mabuko.co.mz\/site\/index.php?rest_route=%2Fwp%2Fv2%2Fmedia&parent=5694"}],"wp:term":[{"taxonomy":"product_cat","embeddable":true,"href":"https:\/\/mabuko.co.mz\/site\/index.php?rest_route=%2Fwp%2Fv2%2Fproduct_cat&post=5694"},{"taxonomy":"product_tag","embeddable":true,"href":"https:\/\/mabuko.co.mz\/site\/index.php?rest_route=%2Fwp%2Fv2%2Fproduct_tag&post=5694"}],"curies":[{"name":"wp","href":"https:\/\/api.w.org\/{rel}","templated":true}]}}