{"id":5685,"date":"2022-08-03T08:07:47","date_gmt":"2022-08-03T08:07:47","guid":{"rendered":"https:\/\/mabuko.co.mz\/?post_type=product&#038;p=5685"},"modified":"2023-01-05T13:37:08","modified_gmt":"2023-01-05T13:37:08","slug":"historia-da-informatica-em-mocambique","status":"publish","type":"product","link":"https:\/\/mabuko.co.mz\/site\/?product=historia-da-informatica-em-mocambique","title":{"rendered":"HIST\u00d3RIA DA INFORM\u00c1TICA EM MO\u00c7AMBIQUE"},"content":{"rendered":"","protected":false},"excerpt":{"rendered":"","protected":false},"featured_media":0,"template":"","meta":{"_monsterinsights_skip_tracking":false,"_monsterinsights_sitenote_active":false,"_monsterinsights_sitenote_note":"","_monsterinsights_sitenote_category":0},"product_cat":[102],"product_tag":[],"class_list":{"0":"post-5685","1":"product","2":"type-product","3":"status-publish","5":"product_cat-livros-tecnicos","6":"pa_book-author-renato-matusse","8":"first","9":"outofstock","10":"shipping-taxable","11":"purchasable","12":"product-type-simple"},"_links":{"self":[{"href":"https:\/\/mabuko.co.mz\/site\/index.php?rest_route=\/wp\/v2\/product\/5685","targetHints":{"allow":["GET"]}}],"collection":[{"href":"https:\/\/mabuko.co.mz\/site\/index.php?rest_route=\/wp\/v2\/product"}],"about":[{"href":"https:\/\/mabuko.co.mz\/site\/index.php?rest_route=\/wp\/v2\/types\/product"}],"wp:attachment":[{"href":"https:\/\/mabuko.co.mz\/site\/index.php?rest_route=%2Fwp%2Fv2%2Fmedia&parent=5685"}],"wp:term":[{"taxonomy":"product_cat","embeddable":true,"href":"https:\/\/mabuko.co.mz\/site\/index.php?rest_route=%2Fwp%2Fv2%2Fproduct_cat&post=5685"},{"taxonomy":"product_tag","embeddable":true,"href":"https:\/\/mabuko.co.mz\/site\/index.php?rest_route=%2Fwp%2Fv2%2Fproduct_tag&post=5685"}],"curies":[{"name":"wp","href":"https:\/\/api.w.org\/{rel}","templated":true}]}}