{"id":5676,"date":"2022-08-02T14:35:01","date_gmt":"2022-08-02T14:35:01","guid":{"rendered":"https:\/\/mabuko.co.mz\/?post_type=product&#038;p=5676"},"modified":"2023-01-05T13:40:29","modified_gmt":"2023-01-05T13:40:29","slug":"a-triste-historia-de-barcolino","status":"publish","type":"product","link":"https:\/\/mabuko.co.mz\/site\/?product=a-triste-historia-de-barcolino","title":{"rendered":"A TRISTE HIST\u00d3RIA DE BARCOLINO"},"content":{"rendered":"<p>Luc\u00edlio Manjate<\/p>\n<p>9789898900029<\/p>\n","protected":false},"excerpt":{"rendered":"<p><strong>SINOPSE<\/strong><\/p>\n<p>A triste hist\u00f3ria de Barcolino, o homem que n\u00e3o sabia morrer [&#8230;] \u00e9 um livro que, por in\u00fameras razoes,despertar\u2019a o interesse de quem procura outros enredos e imagin\u00e1rios, outras formas de ver, escrever e lembrar.<\/p>\n<p>No entanto, devido aos ossos do oficio, isto \u00e9 aos rumores que as minhas pesquisas sobre a literatura mo\u00e7ambicana v\u00e3o seguindo, devo confessar que o que mais me intrigou nesta hist\u00f3ria de \u201cbela tristeza\u201d foi, para al\u00e9m da habilidade e da cortesia da sua prosa, sem sombra de d\u00favida\u00a0 o lugar da sua ambienta\u00e7\u00e3o. A Costa do Sol e o Bairro Pescadores onde a cidade de Maputo se junta \u00e0s \u00e1guas mansas e densas de mist\u00e9rio do Indico, s\u00e3o os cen\u00e1rios de um enredo todo centrado \u00e0 volta de Barcolino, \u201cengenhoso pescador\u201d, \u201chomem mais do mar de que da terra\u201d e \u201cconhecedor da f\u00faria de Adamastor\u201d cuja historia, atravessando bares, bairros e quintais, transtorna os moradores e confunde os turistas. Pano de fundo ins\u00f3lito constru\u00eddo em torno de imagin\u00e1rio mar\u00edtimo que dentro da literatura mo\u00e7ambicana institui-se habitualmente como territ\u00f3rio sobretudo- na Ilha de Mo\u00e7ambique, sobretudo o que o autor resgata e habita de sonhos que se tornam hist\u00f3rias e de um quotidiano convival- feito tamb\u00e9m de lazeres e excessos- num desencontro entre viv\u00eancia e imagina\u00e7\u00e3o de indubit\u00e1vel originalidade narrativa.<\/p>\n<p>&nbsp;<\/p>\n","protected":false},"featured_media":5677,"template":"","meta":{"_monsterinsights_skip_tracking":false,"_monsterinsights_sitenote_active":false,"_monsterinsights_sitenote_note":"","_monsterinsights_sitenote_category":0},"product_cat":[103],"product_tag":[],"class_list":{"0":"post-5676","1":"product","2":"type-product","3":"status-publish","4":"has-post-thumbnail","6":"product_cat-literatura","7":"pa_book-author-lucilio-manjate","9":"first","10":"instock","11":"shipping-taxable","12":"purchasable","13":"product-type-simple"},"_links":{"self":[{"href":"https:\/\/mabuko.co.mz\/site\/index.php?rest_route=\/wp\/v2\/product\/5676","targetHints":{"allow":["GET"]}}],"collection":[{"href":"https:\/\/mabuko.co.mz\/site\/index.php?rest_route=\/wp\/v2\/product"}],"about":[{"href":"https:\/\/mabuko.co.mz\/site\/index.php?rest_route=\/wp\/v2\/types\/product"}],"wp:featuredmedia":[{"embeddable":true,"href":"https:\/\/mabuko.co.mz\/site\/index.php?rest_route=\/wp\/v2\/media\/5677"}],"wp:attachment":[{"href":"https:\/\/mabuko.co.mz\/site\/index.php?rest_route=%2Fwp%2Fv2%2Fmedia&parent=5676"}],"wp:term":[{"taxonomy":"product_cat","embeddable":true,"href":"https:\/\/mabuko.co.mz\/site\/index.php?rest_route=%2Fwp%2Fv2%2Fproduct_cat&post=5676"},{"taxonomy":"product_tag","embeddable":true,"href":"https:\/\/mabuko.co.mz\/site\/index.php?rest_route=%2Fwp%2Fv2%2Fproduct_tag&post=5676"}],"curies":[{"name":"wp","href":"https:\/\/api.w.org\/{rel}","templated":true}]}}