{"id":5657,"date":"2022-08-02T12:32:33","date_gmt":"2022-08-02T12:32:33","guid":{"rendered":"https:\/\/mabuko.co.mz\/?post_type=product&#038;p=5657"},"modified":"2023-01-05T13:03:53","modified_gmt":"2023-01-05T13:03:53","slug":"mito-erecto","status":"publish","type":"product","link":"https:\/\/mabuko.co.mz\/site\/?product=mito-erecto","title":{"rendered":"MITO ERECTO"},"content":{"rendered":"<p>Armindo Mathe<\/p>\n<p>9789895324545<\/p>\n","protected":false},"excerpt":{"rendered":"<p><strong>SINOPSE<\/strong><\/p>\n<p>O [&#8230;]\u00a0 olhar po\u00e9tico da obra \u201cMito Erecto\u201d leva-me \u00e0 proposi\u00e7\u00e3o de que a comunh\u00e3o\u00a0 do termo \u201c Mito\u201d \u00e0 ideia de \u201crecto\u201d significa a chave do enigma de cada verso e joga luz aos mist\u00e9rios que n\u00e3o se relacionam \u2018`a retid\u00e3o, e nem a ideia de linearidade, mas sim em explorar, nas profundezas de cada pessoa, naquela linha do horizonte, as imagens que apoiam detalhes em cada releitura e personifica\u00e7\u00e3o das imagens lidas, ou diria, palavras-imagens. Nesse paradoxo, convido os leitores a lerem a obra aqui modestamente apresentada, sobretudo, procurando agu\u00e7ar os sentidos por meio de nossas mem\u00f3rias afetivas.<\/p>\n","protected":false},"featured_media":5658,"template":"","meta":{"_monsterinsights_skip_tracking":false,"_monsterinsights_sitenote_active":false,"_monsterinsights_sitenote_note":"","_monsterinsights_sitenote_category":0},"product_cat":[103],"product_tag":[],"class_list":{"0":"post-5657","1":"product","2":"type-product","3":"status-publish","4":"has-post-thumbnail","6":"product_cat-literatura","7":"pa_book-author-armindo-mathe","9":"first","10":"instock","11":"shipping-taxable","12":"purchasable","13":"product-type-simple"},"_links":{"self":[{"href":"https:\/\/mabuko.co.mz\/site\/index.php?rest_route=\/wp\/v2\/product\/5657","targetHints":{"allow":["GET"]}}],"collection":[{"href":"https:\/\/mabuko.co.mz\/site\/index.php?rest_route=\/wp\/v2\/product"}],"about":[{"href":"https:\/\/mabuko.co.mz\/site\/index.php?rest_route=\/wp\/v2\/types\/product"}],"wp:featuredmedia":[{"embeddable":true,"href":"https:\/\/mabuko.co.mz\/site\/index.php?rest_route=\/wp\/v2\/media\/5658"}],"wp:attachment":[{"href":"https:\/\/mabuko.co.mz\/site\/index.php?rest_route=%2Fwp%2Fv2%2Fmedia&parent=5657"}],"wp:term":[{"taxonomy":"product_cat","embeddable":true,"href":"https:\/\/mabuko.co.mz\/site\/index.php?rest_route=%2Fwp%2Fv2%2Fproduct_cat&post=5657"},{"taxonomy":"product_tag","embeddable":true,"href":"https:\/\/mabuko.co.mz\/site\/index.php?rest_route=%2Fwp%2Fv2%2Fproduct_tag&post=5657"}],"curies":[{"name":"wp","href":"https:\/\/api.w.org\/{rel}","templated":true}]}}