{"id":5645,"date":"2022-08-02T09:32:27","date_gmt":"2022-08-02T09:32:27","guid":{"rendered":"https:\/\/mabuko.co.mz\/?post_type=product&#038;p=5645"},"modified":"2023-01-05T13:06:24","modified_gmt":"2023-01-05T13:06:24","slug":"os-sobreviventes-da-noite","status":"publish","type":"product","link":"https:\/\/mabuko.co.mz\/site\/?product=os-sobreviventes-da-noite","title":{"rendered":"OS SOBREVIVENTES DA NOITE"},"content":{"rendered":"","protected":false},"excerpt":{"rendered":"<p><strong>SINOPSE<\/strong><\/p>\n<p>Os sobreviventes da Noite \u00e9 um romance denso, formado por um narrador estupefacto diante dos horrores da guerra. Mas, em sua frente n\u00e3o h\u00e1 batalhas: h\u00e1 apenas quatro garotos confinados em um acampamento militar, cuja hist\u00f3ria pregressa ele persegue, com avidez. Nesta busca, o narrador esfor\u00e7a-se por rememorar os m\u00ednimos detalhes das hist\u00f3rias de cada individuo. Nenhuma personagem surge na narrativa sem que cada passo que a levou at\u00e9 ao acampamento seja lembrado. Surge ent\u00e3o uma narrativa em zigue-zague, o tempo presente se atrofia pouco a pouco,\u00a0 enquanto o passado se infla e ocupa todo o texto. Afinal, o que acontece em Os Sobreviventes da Noite? Quais s\u00e3o os movimentos da ac\u00e7\u00e3o? Trata-se de um presente dependente do passado: num pa\u00eds marcado por um hist\u00f3rico de grupos armados e guerras que varrem aldeias e cidades inteiras do mapa. Os Sobreviventes da Noite \u00e9 um apelo em favor de um repert\u00f3rio de memorias humanas dilaceradas pelos confrontos. Por isso,a guerra nunca \u00e9 nomeada no romance: quase sempre, os conflito surgem e acabam em mesas de negocia\u00e7\u00e3o, em longe do ch\u00e3o de terra batida que bebeu o sangue das pessoas reais.<\/p>\n","protected":false},"featured_media":5649,"template":"","meta":{"_monsterinsights_skip_tracking":false,"_monsterinsights_sitenote_active":false,"_monsterinsights_sitenote_note":"","_monsterinsights_sitenote_category":0},"product_cat":[105],"product_tag":[],"class_list":{"0":"post-5645","1":"product","2":"type-product","3":"status-publish","4":"has-post-thumbnail","6":"product_cat-romance","7":"pa_book-author-ungulani-ba-ka-khosa","9":"first","10":"outofstock","11":"shipping-taxable","12":"purchasable","13":"product-type-simple"},"_links":{"self":[{"href":"https:\/\/mabuko.co.mz\/site\/index.php?rest_route=\/wp\/v2\/product\/5645","targetHints":{"allow":["GET"]}}],"collection":[{"href":"https:\/\/mabuko.co.mz\/site\/index.php?rest_route=\/wp\/v2\/product"}],"about":[{"href":"https:\/\/mabuko.co.mz\/site\/index.php?rest_route=\/wp\/v2\/types\/product"}],"wp:featuredmedia":[{"embeddable":true,"href":"https:\/\/mabuko.co.mz\/site\/index.php?rest_route=\/wp\/v2\/media\/5649"}],"wp:attachment":[{"href":"https:\/\/mabuko.co.mz\/site\/index.php?rest_route=%2Fwp%2Fv2%2Fmedia&parent=5645"}],"wp:term":[{"taxonomy":"product_cat","embeddable":true,"href":"https:\/\/mabuko.co.mz\/site\/index.php?rest_route=%2Fwp%2Fv2%2Fproduct_cat&post=5645"},{"taxonomy":"product_tag","embeddable":true,"href":"https:\/\/mabuko.co.mz\/site\/index.php?rest_route=%2Fwp%2Fv2%2Fproduct_tag&post=5645"}],"curies":[{"name":"wp","href":"https:\/\/api.w.org\/{rel}","templated":true}]}}