{"id":5637,"date":"2022-08-02T08:49:58","date_gmt":"2022-08-02T08:49:58","guid":{"rendered":"https:\/\/mabuko.co.mz\/?post_type=product&#038;p=5637"},"modified":"2023-08-04T08:44:36","modified_gmt":"2023-08-04T08:44:36","slug":"sem-dores-de-cabeca-preparacao-para-exames-biologia-12a-classe","status":"publish","type":"product","link":"https:\/\/mabuko.co.mz\/site\/?product=sem-dores-de-cabeca-preparacao-para-exames-biologia-12a-classe","title":{"rendered":"SEM DORES DE CABE\u00c7A PREPARA\u00c7\u00c3O PARA EXAMES BIOLOGIA 12\u00aa CLASSE"},"content":{"rendered":"<p>Arnaldo Cipriano<\/p>\n<p>9789928761231<\/p>\n","protected":false},"excerpt":{"rendered":"<p>Arnaldo Cipriano 9789928761231<\/p>\n","protected":false},"featured_media":5638,"template":"","meta":{"_monsterinsights_skip_tracking":false,"_monsterinsights_sitenote_active":false,"_monsterinsights_sitenote_note":"","_monsterinsights_sitenote_category":0},"product_cat":[109],"product_tag":[],"class_list":{"0":"post-5637","1":"product","2":"type-product","3":"status-publish","4":"has-post-thumbnail","6":"product_cat-apoio-escolar","7":"pa_book-author-arnaldo-cipriano","9":"first","10":"outofstock","11":"shipping-taxable","12":"purchasable","13":"product-type-simple"},"_links":{"self":[{"href":"https:\/\/mabuko.co.mz\/site\/index.php?rest_route=\/wp\/v2\/product\/5637","targetHints":{"allow":["GET"]}}],"collection":[{"href":"https:\/\/mabuko.co.mz\/site\/index.php?rest_route=\/wp\/v2\/product"}],"about":[{"href":"https:\/\/mabuko.co.mz\/site\/index.php?rest_route=\/wp\/v2\/types\/product"}],"wp:featuredmedia":[{"embeddable":true,"href":"https:\/\/mabuko.co.mz\/site\/index.php?rest_route=\/wp\/v2\/media\/5638"}],"wp:attachment":[{"href":"https:\/\/mabuko.co.mz\/site\/index.php?rest_route=%2Fwp%2Fv2%2Fmedia&parent=5637"}],"wp:term":[{"taxonomy":"product_cat","embeddable":true,"href":"https:\/\/mabuko.co.mz\/site\/index.php?rest_route=%2Fwp%2Fv2%2Fproduct_cat&post=5637"},{"taxonomy":"product_tag","embeddable":true,"href":"https:\/\/mabuko.co.mz\/site\/index.php?rest_route=%2Fwp%2Fv2%2Fproduct_tag&post=5637"}],"curies":[{"name":"wp","href":"https:\/\/api.w.org\/{rel}","templated":true}]}}