{"id":5629,"date":"2022-08-02T08:03:45","date_gmt":"2022-08-02T08:03:45","guid":{"rendered":"https:\/\/mabuko.co.mz\/?post_type=product&#038;p=5629"},"modified":"2023-01-05T13:12:32","modified_gmt":"2023-01-05T13:12:32","slug":"cartas-de-inhaminga","status":"publish","type":"product","link":"https:\/\/mabuko.co.mz\/site\/?product=cartas-de-inhaminga","title":{"rendered":"CARTAS DE INHAMINGA"},"content":{"rendered":"<p>Ungulani Ba Ka Khosa<\/p>\n<p>9789928792556<\/p>\n","protected":false},"excerpt":{"rendered":"<p><strong>SINOPSE<\/strong><\/p>\n<p>Um livro com dezanove cr\u00f3nicas que resulta da apropria\u00e7\u00e3o de uma coluna que h\u00e1 tempos, j\u00e1 l\u00e1 v\u00e3o alguns anos, o autor assinava num dos semin\u00e1rios da capital do pa\u00eds. Diferentes textos que abordam mat\u00e9rias distintas, cujo t\u00edtulo do livro \u00e9 uma homenagem \u00e0 terra natal do escritor.<\/p>\n","protected":false},"featured_media":5630,"template":"","meta":{"_monsterinsights_skip_tracking":false,"_monsterinsights_sitenote_active":false,"_monsterinsights_sitenote_note":"","_monsterinsights_sitenote_category":0},"product_cat":[178],"product_tag":[],"class_list":{"0":"post-5629","1":"product","2":"type-product","3":"status-publish","4":"has-post-thumbnail","6":"product_cat-cronicas","7":"pa_book-author-ungulani-ba-ka-khosa","9":"first","10":"instock","11":"shipping-taxable","12":"purchasable","13":"product-type-simple"},"_links":{"self":[{"href":"https:\/\/mabuko.co.mz\/site\/index.php?rest_route=\/wp\/v2\/product\/5629","targetHints":{"allow":["GET"]}}],"collection":[{"href":"https:\/\/mabuko.co.mz\/site\/index.php?rest_route=\/wp\/v2\/product"}],"about":[{"href":"https:\/\/mabuko.co.mz\/site\/index.php?rest_route=\/wp\/v2\/types\/product"}],"wp:featuredmedia":[{"embeddable":true,"href":"https:\/\/mabuko.co.mz\/site\/index.php?rest_route=\/wp\/v2\/media\/5630"}],"wp:attachment":[{"href":"https:\/\/mabuko.co.mz\/site\/index.php?rest_route=%2Fwp%2Fv2%2Fmedia&parent=5629"}],"wp:term":[{"taxonomy":"product_cat","embeddable":true,"href":"https:\/\/mabuko.co.mz\/site\/index.php?rest_route=%2Fwp%2Fv2%2Fproduct_cat&post=5629"},{"taxonomy":"product_tag","embeddable":true,"href":"https:\/\/mabuko.co.mz\/site\/index.php?rest_route=%2Fwp%2Fv2%2Fproduct_tag&post=5629"}],"curies":[{"name":"wp","href":"https:\/\/api.w.org\/{rel}","templated":true}]}}