{"id":5626,"date":"2022-08-02T07:34:34","date_gmt":"2022-08-02T07:34:34","guid":{"rendered":"https:\/\/mabuko.co.mz\/?post_type=product&#038;p=5626"},"modified":"2023-01-05T13:14:23","modified_gmt":"2023-01-05T13:14:23","slug":"cristo-cosmico-reencarnou-como-sai-baba","status":"publish","type":"product","link":"https:\/\/mabuko.co.mz\/site\/?product=cristo-cosmico-reencarnou-como-sai-baba","title":{"rendered":"CRISTO C\u00d3SMICO REENCARNOU COMO SAI BABA"},"content":{"rendered":"<p>Raul Calane da Silva<\/p>\n<p>9789928788085<\/p>\n","protected":false},"excerpt":{"rendered":"<p><strong>SINOPSE<\/strong><\/p>\n<p>N\u00e3o sendo a primeira vez que o Homem e o nosso planeta passam por situa\u00e7\u00f5es de grande desespero e turbul\u00eancia c\u00f3smica, esta nossa actual condi\u00e7\u00e3o indicia uma poss\u00edvel auto-destrui\u00e7\u00e3o, uma imensa cat\u00e1strofe antropo-planet\u00e1ria, a n\u00e3o ser que cada criatura humana se auto-descubra, saiba quem, verdadeiramente, ela \u00e9, donde veio e o que est\u00e1 aqui a fazer.<\/p>\n<p>E, actualmente, j\u00e1 h\u00e1 instrumentos e conhecimentos que podem levar a humanidade a fazer a sua mudan\u00e7a interior, a sua reforma intima em direc\u00e7\u00e3o \u00e0 paz e ao Amor. De facto, a chamada Ci\u00eancia espiritual est\u00e1 a fazer descobertas e a abrir caminhos para autodescobertas profundas sobre o ser Humano e a raz\u00e3o da sua exist\u00eancia.<\/p>\n<p>Por outro lado, a chamada, ainda por muitos, de Ci\u00eancia formal tamb\u00e9m j\u00e1 faz incurs\u00f5es e descobertas maravilhas no campo da f\u00edsica moderna, da psicologia, da medicina qu\u00e2ntica, da psiquiatria e psican\u00e1lise que, por exemplo, no campo investigativo da hipnose regressiva, levaram a reconfirmar a descoberta da lei da reencarna\u00e7\u00e3o, que para a maior parte das pessoas era uma hip\u00f3tese sem fundamento, um mito ou um absurdo perturbador.<\/p>\n<p>Esta obra objectiva-se no sentido de p\u00f4r a descoberto antigas-novas realidades de uma Verdade que est\u00e1 ao nosso alcance conhec\u00ea-la e que j\u00e1 \u00e9 tempo de a abordarmos sem medo. Boa Leitura!<\/p>\n","protected":false},"featured_media":5860,"template":"","meta":{"_monsterinsights_skip_tracking":false,"_monsterinsights_sitenote_active":false,"_monsterinsights_sitenote_note":"","_monsterinsights_sitenote_category":0},"product_cat":[319],"product_tag":[],"class_list":{"0":"post-5626","1":"product","2":"type-product","3":"status-publish","4":"has-post-thumbnail","6":"product_cat-literatura-mocambicana","7":"pa_book-author-raul-calane-da-silva","9":"first","10":"instock","11":"shipping-taxable","12":"purchasable","13":"product-type-simple"},"_links":{"self":[{"href":"https:\/\/mabuko.co.mz\/site\/index.php?rest_route=\/wp\/v2\/product\/5626","targetHints":{"allow":["GET"]}}],"collection":[{"href":"https:\/\/mabuko.co.mz\/site\/index.php?rest_route=\/wp\/v2\/product"}],"about":[{"href":"https:\/\/mabuko.co.mz\/site\/index.php?rest_route=\/wp\/v2\/types\/product"}],"wp:featuredmedia":[{"embeddable":true,"href":"https:\/\/mabuko.co.mz\/site\/index.php?rest_route=\/wp\/v2\/media\/5860"}],"wp:attachment":[{"href":"https:\/\/mabuko.co.mz\/site\/index.php?rest_route=%2Fwp%2Fv2%2Fmedia&parent=5626"}],"wp:term":[{"taxonomy":"product_cat","embeddable":true,"href":"https:\/\/mabuko.co.mz\/site\/index.php?rest_route=%2Fwp%2Fv2%2Fproduct_cat&post=5626"},{"taxonomy":"product_tag","embeddable":true,"href":"https:\/\/mabuko.co.mz\/site\/index.php?rest_route=%2Fwp%2Fv2%2Fproduct_tag&post=5626"}],"curies":[{"name":"wp","href":"https:\/\/api.w.org\/{rel}","templated":true}]}}