{"id":5617,"date":"2022-08-01T15:09:29","date_gmt":"2022-08-01T15:09:29","guid":{"rendered":"https:\/\/mabuko.co.mz\/?post_type=product&#038;p=5617"},"modified":"2023-01-05T13:17:45","modified_gmt":"2023-01-05T13:17:45","slug":"o-impacto-de-um-sistema-de-informacao-na-gestao-academica","status":"publish","type":"product","link":"https:\/\/mabuko.co.mz\/site\/?product=o-impacto-de-um-sistema-de-informacao-na-gestao-academica","title":{"rendered":"O IMPACTO DE UM SISTEMA DE INFORMA\u00c7\u00c3O NA GEST\u00c3O ACAD\u00c9MICA"},"content":{"rendered":"<p>Evodina Cumbane Tembe<\/p>\n<p>9789898901224<\/p>\n","protected":false},"excerpt":{"rendered":"<p><strong>SINOPSE<\/strong><\/p>\n<p>Pretende-se, com esta obra, mostrar aos gestores de institui\u00e7\u00f5es\u00a0de ensino, a todos os n\u00edveis, a pertin\u00eancia da adop\u00e7\u00e3o e\/ou da implementa\u00e7\u00e3o de um sistema de informa\u00e7\u00e3o com enfoque na gest\u00e3o acad\u00e9mica, pela contribui\u00e7\u00e3o na melhoria do dinamismo. efic\u00e1cia e na informa\u00e7\u00e3o\u00a0 fidedigna e em tempo \u00fatil.<\/p>\n<p>&nbsp;<\/p>\n","protected":false},"featured_media":5618,"template":"","meta":{"_monsterinsights_skip_tracking":false,"_monsterinsights_sitenote_active":false,"_monsterinsights_sitenote_note":"","_monsterinsights_sitenote_category":0},"product_cat":[102],"product_tag":[],"class_list":{"0":"post-5617","1":"product","2":"type-product","3":"status-publish","4":"has-post-thumbnail","6":"product_cat-livros-tecnicos","7":"pa_book-author-evodina-cumbane-tembe","9":"first","10":"instock","11":"shipping-taxable","12":"purchasable","13":"product-type-simple"},"_links":{"self":[{"href":"https:\/\/mabuko.co.mz\/site\/index.php?rest_route=\/wp\/v2\/product\/5617","targetHints":{"allow":["GET"]}}],"collection":[{"href":"https:\/\/mabuko.co.mz\/site\/index.php?rest_route=\/wp\/v2\/product"}],"about":[{"href":"https:\/\/mabuko.co.mz\/site\/index.php?rest_route=\/wp\/v2\/types\/product"}],"wp:featuredmedia":[{"embeddable":true,"href":"https:\/\/mabuko.co.mz\/site\/index.php?rest_route=\/wp\/v2\/media\/5618"}],"wp:attachment":[{"href":"https:\/\/mabuko.co.mz\/site\/index.php?rest_route=%2Fwp%2Fv2%2Fmedia&parent=5617"}],"wp:term":[{"taxonomy":"product_cat","embeddable":true,"href":"https:\/\/mabuko.co.mz\/site\/index.php?rest_route=%2Fwp%2Fv2%2Fproduct_cat&post=5617"},{"taxonomy":"product_tag","embeddable":true,"href":"https:\/\/mabuko.co.mz\/site\/index.php?rest_route=%2Fwp%2Fv2%2Fproduct_tag&post=5617"}],"curies":[{"name":"wp","href":"https:\/\/api.w.org\/{rel}","templated":true}]}}