{"id":5615,"date":"2022-08-01T14:50:49","date_gmt":"2022-08-01T14:50:49","guid":{"rendered":"https:\/\/mabuko.co.mz\/?post_type=product&#038;p=5615"},"modified":"2023-01-05T12:22:17","modified_gmt":"2023-01-05T12:22:17","slug":"cambalhotas-de-dedos-marcados","status":"publish","type":"product","link":"https:\/\/mabuko.co.mz\/site\/?product=cambalhotas-de-dedos-marcados","title":{"rendered":"CAMBALHOTAS DE DEDOS MARCADOS"},"content":{"rendered":"<p>Afonso Vaz Vassoa<\/p>\n<p>9789928794420<\/p>\n","protected":false},"excerpt":{"rendered":"<p><strong>SINOPSE<\/strong><\/p>\n<p>Recorrendo-se a narra\u00e7\u00f5es\u00a0 de pensamentos, sentimentos e emo\u00e7\u00f5es de actores individuais e colectivos, bem como do estado de esp\u00edrito de tempos e espa\u00e7os, reinventa-se\u00a0 revela-se, neste livro, no ver\u00eddico, fict\u00edcio e com alguma dose v\u00e1tica, a correla\u00e7\u00e3o, isto \u00e9, dos Cinco Dedos Marcados. Estes s\u00e3o cidad\u00e3os e territ\u00f3rios africanos, natural e historicamente eleitos e predestinados \u2013 uma esp\u00e9cie de pessoas-terra ou terras-pessoa,almas e esp\u00edritos, representantes minuciosos de seus povos e p\u00e1trias.<\/p>\n<p>Os tumultos passos e rumos de Cinco Dedos,\u00a0 aut\u00eanticas cambalhotas exigentes e marcantes, enrolam-se desde os tempos dos \u201cdescobrimentos\u201d e, devido a um compromisso inquebrant\u00e1vel do quinteto, continuam a enroscar-se profundamente nas suas vidas privadas e profissionais. As terr\u00edveis piruetas ao causadas por emaranhados e vol\u00faveis trajectos pol\u00edticos, econ\u00f3micos, sociais e culturais do magn\u00e9tico Mo\u00e7ambique, em particular, e da anelada \u00c1frica, em geral.<\/p>\n<p>At\u00e9 hoje, confrontados com as atitudes incompreens\u00edveis do aromas, numa luta constante entre o bem e o mal , a \u00fanica certeza certeza que reina nos Cinco Dedos \u00e9 que, enquanto continuarem a conviver com dores, e as cambalhotas suscitarem clamores, mais romances multiangulares, narrado piruetas de almas e esp\u00edritos de vidas multifacetadas, ser\u00e3o escritos na areia, na \u00e1gua, no ar ou na nuvens, mesmo que as respectivas p\u00e1ginas venham ser compostas por marcados continuadores.<\/p>\n<p>a relev\u00e2ncia e o significado dos cinco dedos dependem da descoberta, ou n\u00e3o, por parte do leitor, das origens e essenciais nacionais e internacionais dos dramas e dos nomes de S\u00e3otilma, Angs, Mocelso, Ob\u00e9ning e Racaverd\u00e3o. A \u00fanica evidencia manifesta neste palco imagin\u00e1rio, cheio de dicotomias ocasionais e sist\u00e9micas para al\u00e9m da nudez do Hino da \u00c1frica, \u00e9 que se trata de uma homenagem a Mwen\u00e9 N&#8217;thiya, Mwra N&#8217;thiya, Samora Machel, Gera\u00e7\u00e3o 8 de Mar\u00e7o, Angola, Cabo verde, Guin\u00e9-Bissau, Mo\u00e7ambique, s\u00e3o Tom\u00e9 e Pr\u00edncipe e ao continente africano em geral.<\/p>\n<p><strong>\u00a0<\/strong><\/p>\n","protected":false},"featured_media":5616,"template":"","meta":{"_monsterinsights_skip_tracking":false,"_monsterinsights_sitenote_active":false,"_monsterinsights_sitenote_note":"","_monsterinsights_sitenote_category":0},"product_cat":[319],"product_tag":[],"class_list":{"0":"post-5615","1":"product","2":"type-product","3":"status-publish","4":"has-post-thumbnail","6":"product_cat-literatura-mocambicana","7":"pa_book-author-afonso-vaz-vassoa","9":"first","10":"instock","11":"shipping-taxable","12":"purchasable","13":"product-type-simple"},"_links":{"self":[{"href":"https:\/\/mabuko.co.mz\/site\/index.php?rest_route=\/wp\/v2\/product\/5615","targetHints":{"allow":["GET"]}}],"collection":[{"href":"https:\/\/mabuko.co.mz\/site\/index.php?rest_route=\/wp\/v2\/product"}],"about":[{"href":"https:\/\/mabuko.co.mz\/site\/index.php?rest_route=\/wp\/v2\/types\/product"}],"wp:featuredmedia":[{"embeddable":true,"href":"https:\/\/mabuko.co.mz\/site\/index.php?rest_route=\/wp\/v2\/media\/5616"}],"wp:attachment":[{"href":"https:\/\/mabuko.co.mz\/site\/index.php?rest_route=%2Fwp%2Fv2%2Fmedia&parent=5615"}],"wp:term":[{"taxonomy":"product_cat","embeddable":true,"href":"https:\/\/mabuko.co.mz\/site\/index.php?rest_route=%2Fwp%2Fv2%2Fproduct_cat&post=5615"},{"taxonomy":"product_tag","embeddable":true,"href":"https:\/\/mabuko.co.mz\/site\/index.php?rest_route=%2Fwp%2Fv2%2Fproduct_tag&post=5615"}],"curies":[{"name":"wp","href":"https:\/\/api.w.org\/{rel}","templated":true}]}}