{"id":5611,"date":"2022-08-01T13:06:01","date_gmt":"2022-08-01T13:06:01","guid":{"rendered":"https:\/\/mabuko.co.mz\/?post_type=product&#038;p=5611"},"modified":"2023-01-05T12:26:32","modified_gmt":"2023-01-05T12:26:32","slug":"o-rosto-e-o-tempo","status":"publish","type":"product","link":"https:\/\/mabuko.co.mz\/site\/?product=o-rosto-e-o-tempo","title":{"rendered":"O ROSTO E O TEMPO"},"content":{"rendered":"<p>Armando Artur<\/p>\n<p>9789928793805<\/p>\n","protected":false},"excerpt":{"rendered":"<p><strong>SINOPSE<\/strong><\/p>\n<p>\u00abEsta poesia surpreende pela sua simplicidade, por um not\u00e1vel poder de s\u00edntese, pela frugalidade da palavra que tem a virtualidade de muito dizer com t\u00e3o\u00a0 pouco[&#8230;] O exerc\u00edcio\u00a0da mem\u00f3ria (dominantemente privado) traduz a sua intima rela\u00e7\u00e3o com o tempo. Ela funciona como elemento ordenador da sua consci\u00eancia\u00bb<\/p>\n","protected":false},"featured_media":5612,"template":"","meta":{"_monsterinsights_skip_tracking":false,"_monsterinsights_sitenote_active":false,"_monsterinsights_sitenote_note":"","_monsterinsights_sitenote_category":0},"product_cat":[170],"product_tag":[],"class_list":{"0":"post-5611","1":"product","2":"type-product","3":"status-publish","4":"has-post-thumbnail","6":"product_cat-poesia","7":"pa_book-author-armando-artur","9":"first","10":"outofstock","11":"shipping-taxable","12":"purchasable","13":"product-type-simple"},"_links":{"self":[{"href":"https:\/\/mabuko.co.mz\/site\/index.php?rest_route=\/wp\/v2\/product\/5611","targetHints":{"allow":["GET"]}}],"collection":[{"href":"https:\/\/mabuko.co.mz\/site\/index.php?rest_route=\/wp\/v2\/product"}],"about":[{"href":"https:\/\/mabuko.co.mz\/site\/index.php?rest_route=\/wp\/v2\/types\/product"}],"wp:featuredmedia":[{"embeddable":true,"href":"https:\/\/mabuko.co.mz\/site\/index.php?rest_route=\/wp\/v2\/media\/5612"}],"wp:attachment":[{"href":"https:\/\/mabuko.co.mz\/site\/index.php?rest_route=%2Fwp%2Fv2%2Fmedia&parent=5611"}],"wp:term":[{"taxonomy":"product_cat","embeddable":true,"href":"https:\/\/mabuko.co.mz\/site\/index.php?rest_route=%2Fwp%2Fv2%2Fproduct_cat&post=5611"},{"taxonomy":"product_tag","embeddable":true,"href":"https:\/\/mabuko.co.mz\/site\/index.php?rest_route=%2Fwp%2Fv2%2Fproduct_tag&post=5611"}],"curies":[{"name":"wp","href":"https:\/\/api.w.org\/{rel}","templated":true}]}}