{"id":5589,"date":"2022-07-29T14:40:10","date_gmt":"2022-07-29T14:40:10","guid":{"rendered":"https:\/\/mabuko.co.mz\/?post_type=product&#038;p=5589"},"modified":"2023-01-05T12:35:37","modified_gmt":"2023-01-05T12:35:37","slug":"oficina-da-escrita","status":"publish","type":"product","link":"https:\/\/mabuko.co.mz\/site\/?product=oficina-da-escrita","title":{"rendered":"OFICINA DA ESCRITA"},"content":{"rendered":"","protected":false},"excerpt":{"rendered":"<p><strong>SINOPSE<\/strong><\/p>\n<div align=\"justify\"><strong>Um caderno de actividades para:<\/strong><\/div>\n<div align=\"justify\">&#8211; descobrir a rela\u00e7\u00e3o existente entre a gram\u00e1tica e a escrita;<\/div>\n<div align=\"justify\">&#8211; aplicar as regras de gram\u00e1tica para melhorar a escrita;<\/div>\n<div align=\"justify\">&#8211; ler para escrever melhor;<\/div>\n<div align=\"justify\">&#8211; escrever para ler melhor.<\/div>\n","protected":false},"featured_media":0,"template":"","meta":{"_monsterinsights_skip_tracking":false,"_monsterinsights_sitenote_active":false,"_monsterinsights_sitenote_note":"","_monsterinsights_sitenote_category":0},"product_cat":[53],"product_tag":[],"class_list":{"0":"post-5589","1":"product","2":"type-product","3":"status-publish","5":"product_cat-sem-categoria","6":"pa_book-author-maria-do-ceu-vieira-lopes","8":"first","9":"instock","10":"shipping-taxable","11":"purchasable","12":"product-type-simple"},"_links":{"self":[{"href":"https:\/\/mabuko.co.mz\/site\/index.php?rest_route=\/wp\/v2\/product\/5589","targetHints":{"allow":["GET"]}}],"collection":[{"href":"https:\/\/mabuko.co.mz\/site\/index.php?rest_route=\/wp\/v2\/product"}],"about":[{"href":"https:\/\/mabuko.co.mz\/site\/index.php?rest_route=\/wp\/v2\/types\/product"}],"wp:attachment":[{"href":"https:\/\/mabuko.co.mz\/site\/index.php?rest_route=%2Fwp%2Fv2%2Fmedia&parent=5589"}],"wp:term":[{"taxonomy":"product_cat","embeddable":true,"href":"https:\/\/mabuko.co.mz\/site\/index.php?rest_route=%2Fwp%2Fv2%2Fproduct_cat&post=5589"},{"taxonomy":"product_tag","embeddable":true,"href":"https:\/\/mabuko.co.mz\/site\/index.php?rest_route=%2Fwp%2Fv2%2Fproduct_tag&post=5589"}],"curies":[{"name":"wp","href":"https:\/\/api.w.org\/{rel}","templated":true}]}}