{"id":5587,"date":"2022-07-29T14:31:55","date_gmt":"2022-07-29T14:31:55","guid":{"rendered":"https:\/\/mabuko.co.mz\/?post_type=product&#038;p=5587"},"modified":"2023-01-05T12:38:00","modified_gmt":"2023-01-05T12:38:00","slug":"gramatica-da-lingua-portuguesa","status":"publish","type":"product","link":"https:\/\/mabuko.co.mz\/site\/?product=gramatica-da-lingua-portuguesa","title":{"rendered":"GRAM\u00c1TICA DA L\u00cdNGUA PORTUGUESA"},"content":{"rendered":"<p>9789727708420<\/p>\n","protected":false},"excerpt":{"rendered":"<p><strong>SINOPSE<\/strong><\/p>\n<p align=\"justify\">Gram\u00e1tica da L\u00edngua Portuguesa 5.\u00ba e 6.\u00ba Anos do 2.\u00ba Ciclo do Ensino B\u00e1sico. De acordo com as Metas Curriculares<\/p>\n<p align=\"justify\">Destina-se prioritariamente a alunos e professores, mas pode igualmente apoiar os pais que pretendam acompanhar os seus educandos.<\/p>\n<p align=\"justify\">Contempla as altera\u00e7\u00f5es introduzidas pelo Dicion\u00e1rio Terminol\u00f3gico (DT), bem como as que decorrem do novo Programa de Portugu\u00eas do Ensino B\u00e1sico, homologado em mar\u00e7o de 2009.<\/p>\n<p align=\"justify\">Estimula o trabalho sobre o Conhecimento Expl\u00edcito da L\u00edngua, agora considerado uma compet\u00eancia aut\u00f3noma e uma das \u00e1reas nucleares do curr\u00edculo.<\/p>\n<p align=\"justify\">Aborda os conte\u00fados gramaticais numa perspectiva activa e dedutiva.<\/p>\n<p align=\"justify\">Apresenta diversificados exerc\u00edcios para treino e reinvestimento dos conhecimentos adquiridos, tornando os alunos mais conscientes do uso que fazem da sua l\u00edngua materna.<\/p>\n","protected":false},"featured_media":5588,"template":"","meta":{"_monsterinsights_skip_tracking":false,"_monsterinsights_sitenote_active":false,"_monsterinsights_sitenote_note":"","_monsterinsights_sitenote_category":0},"product_cat":[101],"product_tag":[],"class_list":{"0":"post-5587","1":"product","2":"type-product","3":"status-publish","4":"has-post-thumbnail","6":"product_cat-livros-escolares","8":"first","9":"outofstock","10":"shipping-taxable","11":"purchasable","12":"product-type-simple"},"_links":{"self":[{"href":"https:\/\/mabuko.co.mz\/site\/index.php?rest_route=\/wp\/v2\/product\/5587","targetHints":{"allow":["GET"]}}],"collection":[{"href":"https:\/\/mabuko.co.mz\/site\/index.php?rest_route=\/wp\/v2\/product"}],"about":[{"href":"https:\/\/mabuko.co.mz\/site\/index.php?rest_route=\/wp\/v2\/types\/product"}],"wp:featuredmedia":[{"embeddable":true,"href":"https:\/\/mabuko.co.mz\/site\/index.php?rest_route=\/wp\/v2\/media\/5588"}],"wp:attachment":[{"href":"https:\/\/mabuko.co.mz\/site\/index.php?rest_route=%2Fwp%2Fv2%2Fmedia&parent=5587"}],"wp:term":[{"taxonomy":"product_cat","embeddable":true,"href":"https:\/\/mabuko.co.mz\/site\/index.php?rest_route=%2Fwp%2Fv2%2Fproduct_cat&post=5587"},{"taxonomy":"product_tag","embeddable":true,"href":"https:\/\/mabuko.co.mz\/site\/index.php?rest_route=%2Fwp%2Fv2%2Fproduct_tag&post=5587"}],"curies":[{"name":"wp","href":"https:\/\/api.w.org\/{rel}","templated":true}]}}