{"id":5576,"date":"2022-07-29T11:25:18","date_gmt":"2022-07-29T11:25:18","guid":{"rendered":"https:\/\/mabuko.co.mz\/?post_type=product&#038;p=5576"},"modified":"2023-08-04T08:44:36","modified_gmt":"2023-08-04T08:44:36","slug":"gramatica-ativa-2","status":"publish","type":"product","link":"https:\/\/mabuko.co.mz\/site\/?product=gramatica-ativa-2","title":{"rendered":"GRAM\u00c1TICA DA L\u00cdNGUA PORTUGUESA 2"},"content":{"rendered":"<p>Olga Mata Coimbra<\/p>\n<p>9789897600111<\/p>\n","protected":false},"excerpt":{"rendered":"<p><strong>SINOPSE<\/strong><\/p>\n<p>Esta edi\u00e7\u00e3o da\u00a0<i>Gram\u00e1tica <\/i>Ativa 2, revista e aumentada, segundo o novo Acordo Ortogr\u00e1fico, destina-se ao ensino de PLE\/PL2. Cont\u00e9m explica\u00e7\u00f5es e aplica\u00e7\u00e3o pr\u00e1tica das estruturas dos n\u00edveis B1+, B2 e C1.<\/p>\n","protected":false},"featured_media":5577,"template":"","meta":{"_monsterinsights_skip_tracking":false,"_monsterinsights_sitenote_active":false,"_monsterinsights_sitenote_note":"","_monsterinsights_sitenote_category":0},"product_cat":[109],"product_tag":[],"class_list":{"0":"post-5576","1":"product","2":"type-product","3":"status-publish","4":"has-post-thumbnail","6":"product_cat-apoio-escolar","7":"pa_book-author-olga-mata-coimbra","9":"first","10":"instock","11":"shipping-taxable","12":"purchasable","13":"product-type-simple"},"_links":{"self":[{"href":"https:\/\/mabuko.co.mz\/site\/index.php?rest_route=\/wp\/v2\/product\/5576","targetHints":{"allow":["GET"]}}],"collection":[{"href":"https:\/\/mabuko.co.mz\/site\/index.php?rest_route=\/wp\/v2\/product"}],"about":[{"href":"https:\/\/mabuko.co.mz\/site\/index.php?rest_route=\/wp\/v2\/types\/product"}],"wp:featuredmedia":[{"embeddable":true,"href":"https:\/\/mabuko.co.mz\/site\/index.php?rest_route=\/wp\/v2\/media\/5577"}],"wp:attachment":[{"href":"https:\/\/mabuko.co.mz\/site\/index.php?rest_route=%2Fwp%2Fv2%2Fmedia&parent=5576"}],"wp:term":[{"taxonomy":"product_cat","embeddable":true,"href":"https:\/\/mabuko.co.mz\/site\/index.php?rest_route=%2Fwp%2Fv2%2Fproduct_cat&post=5576"},{"taxonomy":"product_tag","embeddable":true,"href":"https:\/\/mabuko.co.mz\/site\/index.php?rest_route=%2Fwp%2Fv2%2Fproduct_tag&post=5576"}],"curies":[{"name":"wp","href":"https:\/\/api.w.org\/{rel}","templated":true}]}}