{"id":5572,"date":"2022-07-29T10:05:36","date_gmt":"2022-07-29T10:05:36","guid":{"rendered":"https:\/\/mabuko.co.mz\/?post_type=product&#038;p=5572"},"modified":"2023-08-04T08:44:36","modified_gmt":"2023-08-04T08:44:36","slug":"gramatica-ativa-1","status":"publish","type":"product","link":"https:\/\/mabuko.co.mz\/site\/?product=gramatica-ativa-1","title":{"rendered":"GRAM\u00c1TICA ATIVA 1"},"content":{"rendered":"<p>Olga Mata Coimbra<\/p>\n<p>9789727576388<\/p>\n","protected":false},"excerpt":{"rendered":"<p><strong>SINOPSE<\/strong><\/p>\n<p>A Gram\u00e1tica Ativa 1 destina-se ao ensino\/aprendizagem de Portugu\u00eas L\u00edngua Estrangeira (PLE) e Portugu\u00eas L\u00edngua Segunda (PL2) e contempla as principais estruturas dos n\u00edveis elementar e pr\u00e9-interm\u00e9dio &#8211; A1, A2 e B1. A Gram\u00e1tica Ativa 1 n\u00e3o est\u00e1 orientada para ser um livro de curso de PLE \/ PL2. Trata-se de material suplementar, a ser usado na sala de aula ou em casa e, como tal, o livro n\u00e3o dever\u00e1 ser trabalhado do princ\u00edpio ao fim, seguindo a ordem num\u00e9rica das unidades; estas devem ser seleccionadas e trabalhadas de acordo com as dificuldades do utilizador\/a pretendente.<\/p>\n","protected":false},"featured_media":5575,"template":"","meta":{"_monsterinsights_skip_tracking":false,"_monsterinsights_sitenote_active":false,"_monsterinsights_sitenote_note":"","_monsterinsights_sitenote_category":0},"product_cat":[109],"product_tag":[],"class_list":{"0":"post-5572","1":"product","2":"type-product","3":"status-publish","4":"has-post-thumbnail","6":"product_cat-apoio-escolar","7":"pa_book-author-olga-mata-coimbra","9":"first","10":"outofstock","11":"shipping-taxable","12":"purchasable","13":"product-type-simple"},"_links":{"self":[{"href":"https:\/\/mabuko.co.mz\/site\/index.php?rest_route=\/wp\/v2\/product\/5572","targetHints":{"allow":["GET"]}}],"collection":[{"href":"https:\/\/mabuko.co.mz\/site\/index.php?rest_route=\/wp\/v2\/product"}],"about":[{"href":"https:\/\/mabuko.co.mz\/site\/index.php?rest_route=\/wp\/v2\/types\/product"}],"wp:featuredmedia":[{"embeddable":true,"href":"https:\/\/mabuko.co.mz\/site\/index.php?rest_route=\/wp\/v2\/media\/5575"}],"wp:attachment":[{"href":"https:\/\/mabuko.co.mz\/site\/index.php?rest_route=%2Fwp%2Fv2%2Fmedia&parent=5572"}],"wp:term":[{"taxonomy":"product_cat","embeddable":true,"href":"https:\/\/mabuko.co.mz\/site\/index.php?rest_route=%2Fwp%2Fv2%2Fproduct_cat&post=5572"},{"taxonomy":"product_tag","embeddable":true,"href":"https:\/\/mabuko.co.mz\/site\/index.php?rest_route=%2Fwp%2Fv2%2Fproduct_tag&post=5572"}],"curies":[{"name":"wp","href":"https:\/\/api.w.org\/{rel}","templated":true}]}}