{"id":5558,"date":"2022-08-22T08:39:31","date_gmt":"2022-08-22T08:39:31","guid":{"rendered":"https:\/\/mabuko.co.mz\/?post_type=product&#038;p=5558"},"modified":"2023-01-05T13:55:08","modified_gmt":"2023-01-05T13:55:08","slug":"fiscalizacao-concreta-da-constitucionalidade-no-direito-mocambicano","status":"publish","type":"product","link":"https:\/\/mabuko.co.mz\/site\/?product=fiscalizacao-concreta-da-constitucionalidade-no-direito-mocambicano","title":{"rendered":"FISCALIZA\u00c7\u00c3O CONCRETA DA CONSTITUCIONALIDADE NO DIREITO MO\u00c7AMBICANO"},"content":{"rendered":"<p>L\u00facia da Luz Ribeiro<\/p>\n<p>9789896701369<\/p>\n","protected":false},"excerpt":{"rendered":"<p>L\u00facia da Luz Ribeiro 9789896701369<\/p>\n","protected":false},"featured_media":5940,"template":"","meta":{"_monsterinsights_skip_tracking":false,"_monsterinsights_sitenote_active":false,"_monsterinsights_sitenote_note":"","_monsterinsights_sitenote_category":0},"product_cat":[102],"product_tag":[],"class_list":{"0":"post-5558","1":"product","2":"type-product","3":"status-publish","4":"has-post-thumbnail","6":"product_cat-livros-tecnicos","7":"pa_book-author-lucia-da-luz-ribeiro","9":"first","10":"instock","11":"shipping-taxable","12":"purchasable","13":"product-type-simple"},"_links":{"self":[{"href":"https:\/\/mabuko.co.mz\/site\/index.php?rest_route=\/wp\/v2\/product\/5558","targetHints":{"allow":["GET"]}}],"collection":[{"href":"https:\/\/mabuko.co.mz\/site\/index.php?rest_route=\/wp\/v2\/product"}],"about":[{"href":"https:\/\/mabuko.co.mz\/site\/index.php?rest_route=\/wp\/v2\/types\/product"}],"wp:featuredmedia":[{"embeddable":true,"href":"https:\/\/mabuko.co.mz\/site\/index.php?rest_route=\/wp\/v2\/media\/5940"}],"wp:attachment":[{"href":"https:\/\/mabuko.co.mz\/site\/index.php?rest_route=%2Fwp%2Fv2%2Fmedia&parent=5558"}],"wp:term":[{"taxonomy":"product_cat","embeddable":true,"href":"https:\/\/mabuko.co.mz\/site\/index.php?rest_route=%2Fwp%2Fv2%2Fproduct_cat&post=5558"},{"taxonomy":"product_tag","embeddable":true,"href":"https:\/\/mabuko.co.mz\/site\/index.php?rest_route=%2Fwp%2Fv2%2Fproduct_tag&post=5558"}],"curies":[{"name":"wp","href":"https:\/\/api.w.org\/{rel}","templated":true}]}}