{"id":5551,"date":"2022-07-28T12:47:38","date_gmt":"2022-07-28T12:47:38","guid":{"rendered":"https:\/\/mabuko.co.mz\/?post_type=product&#038;p=5551"},"modified":"2023-01-05T12:46:38","modified_gmt":"2023-01-05T12:46:38","slug":"a-organizacao-judiciaria-em-mocambique-continuidades-e-rupturas","status":"publish","type":"product","link":"https:\/\/mabuko.co.mz\/site\/?product=a-organizacao-judiciaria-em-mocambique-continuidades-e-rupturas","title":{"rendered":"A ORGANIZA\u00c7\u00c3O JUDICIARIA EM MO\u00c7AMBIQUE: Continuidades e Rupturas"},"content":{"rendered":"<p>Ribeiro Jos\u00e9 Cuna<\/p>\n<p>9789896700423<\/p>\n","protected":false},"excerpt":{"rendered":"<p>Ribeiro Jos\u00e9 Cuna 9789896700423<\/p>\n","protected":false},"featured_media":5552,"template":"","meta":{"_monsterinsights_skip_tracking":false,"_monsterinsights_sitenote_active":false,"_monsterinsights_sitenote_note":"","_monsterinsights_sitenote_category":0},"product_cat":[102],"product_tag":[],"class_list":{"0":"post-5551","1":"product","2":"type-product","3":"status-publish","4":"has-post-thumbnail","6":"product_cat-livros-tecnicos","7":"pa_book-author-ribeiro-jose-cuna","9":"first","10":"instock","11":"shipping-taxable","12":"purchasable","13":"product-type-simple"},"_links":{"self":[{"href":"https:\/\/mabuko.co.mz\/site\/index.php?rest_route=\/wp\/v2\/product\/5551","targetHints":{"allow":["GET"]}}],"collection":[{"href":"https:\/\/mabuko.co.mz\/site\/index.php?rest_route=\/wp\/v2\/product"}],"about":[{"href":"https:\/\/mabuko.co.mz\/site\/index.php?rest_route=\/wp\/v2\/types\/product"}],"wp:featuredmedia":[{"embeddable":true,"href":"https:\/\/mabuko.co.mz\/site\/index.php?rest_route=\/wp\/v2\/media\/5552"}],"wp:attachment":[{"href":"https:\/\/mabuko.co.mz\/site\/index.php?rest_route=%2Fwp%2Fv2%2Fmedia&parent=5551"}],"wp:term":[{"taxonomy":"product_cat","embeddable":true,"href":"https:\/\/mabuko.co.mz\/site\/index.php?rest_route=%2Fwp%2Fv2%2Fproduct_cat&post=5551"},{"taxonomy":"product_tag","embeddable":true,"href":"https:\/\/mabuko.co.mz\/site\/index.php?rest_route=%2Fwp%2Fv2%2Fproduct_tag&post=5551"}],"curies":[{"name":"wp","href":"https:\/\/api.w.org\/{rel}","templated":true}]}}