{"id":5546,"date":"2022-07-28T12:16:43","date_gmt":"2022-07-28T12:16:43","guid":{"rendered":"https:\/\/mabuko.co.mz\/?post_type=product&#038;p=5546"},"modified":"2023-01-05T11:58:52","modified_gmt":"2023-01-05T11:58:52","slug":"formularios-de-tramitacao-processual-penal","status":"publish","type":"product","link":"https:\/\/mabuko.co.mz\/site\/?product=formularios-de-tramitacao-processual-penal","title":{"rendered":"FORMUL\u00c1RIOS DE TRAMITA\u00c7\u00c3O PROCESSUAL PENAL"},"content":{"rendered":"<p>Inclui:<\/p>\n<p>Constitui\u00e7\u00e3o Penal<\/p>\n<p>C\u00f3digo Penal<\/p>\n<p>C\u00f3digo De Processo Penal<\/p>\n","protected":false},"excerpt":{"rendered":"<p><strong>SINOPSE<\/strong><\/p>\n<p>A busca incessante do saber que, no caso, se traduz no conhecimento, cada vez mais aprofundado da ci\u00eancia jur\u00eddica, do Direito e da sua aplica\u00e7\u00e3o pelos tribunais judiciais, reflecte-se na presente obra FORMUL\u00c1RIOS DE TRAMITA\u00c7\u00c3O PROCESSUAL PENAL. Salutar exemplo do dom\u00ednio do saber e do saber fazer. demonstram-no \u00e0 saciedade, o esfor\u00e7o imaginativo, o car\u00e1cter did\u00e1ctico com que foram lavradas as pe\u00e7as processuais respeitantes \u00e0s mais distintas fases do novo processo penal.<\/p>\n<p>Com efeito, o C\u00f3digo de processo Penal vigente trouxe um novo paradigma que, por si s\u00f3 acarreta novos desafios aos profissionais de Direito. S\u00e3o disso exemplo o intricado conflito de lei e da sua aplica\u00e7\u00e3o no tempo, face a processos pendentes e, bem assim, as distintas formas e fase do processo nele estabelecidos, desde\u00a0 a instru\u00e7\u00e3o, acusa\u00e7\u00e3o, audi\u00eancia preliminar, julgamento e recursos.<\/p>\n<p>A forma inteligentemente conseguida acoplada da mestria e diligencia com que foram tecidas as varias historias da vida que constituem o enredo das pe\u00e7as processuais fazem do livro Formul\u00e1rios de tramita\u00e7\u00e3o processual penal uma ferramenta indispens\u00e1vel para os magistrados ( Judiciais\u00a0 do Minist\u00e9rio P\u00fablico e respectivos \u00f3rg\u00e3os auxiliares), para os profissionais do foro, da academia e publico em geral.<\/p>\n","protected":false},"featured_media":0,"template":"","meta":{"_monsterinsights_skip_tracking":false,"_monsterinsights_sitenote_active":false,"_monsterinsights_sitenote_note":"","_monsterinsights_sitenote_category":0},"product_cat":[101],"product_tag":[],"class_list":{"0":"post-5546","1":"product","2":"type-product","3":"status-publish","5":"product_cat-livros-escolares","6":"pa_book-author-silvia-comissario","8":"first","9":"outofstock","10":"shipping-taxable","11":"purchasable","12":"product-type-simple"},"_links":{"self":[{"href":"https:\/\/mabuko.co.mz\/site\/index.php?rest_route=\/wp\/v2\/product\/5546","targetHints":{"allow":["GET"]}}],"collection":[{"href":"https:\/\/mabuko.co.mz\/site\/index.php?rest_route=\/wp\/v2\/product"}],"about":[{"href":"https:\/\/mabuko.co.mz\/site\/index.php?rest_route=\/wp\/v2\/types\/product"}],"wp:attachment":[{"href":"https:\/\/mabuko.co.mz\/site\/index.php?rest_route=%2Fwp%2Fv2%2Fmedia&parent=5546"}],"wp:term":[{"taxonomy":"product_cat","embeddable":true,"href":"https:\/\/mabuko.co.mz\/site\/index.php?rest_route=%2Fwp%2Fv2%2Fproduct_cat&post=5546"},{"taxonomy":"product_tag","embeddable":true,"href":"https:\/\/mabuko.co.mz\/site\/index.php?rest_route=%2Fwp%2Fv2%2Fproduct_tag&post=5546"}],"curies":[{"name":"wp","href":"https:\/\/api.w.org\/{rel}","templated":true}]}}