{"id":5537,"date":"2022-07-26T15:00:41","date_gmt":"2022-07-26T15:00:41","guid":{"rendered":"https:\/\/mabuko.co.mz\/?post_type=product&#038;p=5537"},"modified":"2023-01-05T12:01:09","modified_gmt":"2023-01-05T12:01:09","slug":"legislacao-laboral","status":"publish","type":"product","link":"https:\/\/mabuko.co.mz\/site\/?product=legislacao-laboral","title":{"rendered":"LEGISLA\u00c7\u00c3O LABORAL"},"content":{"rendered":"<p>9789896116118<\/p>\n","protected":false},"excerpt":{"rendered":"<p><strong>SINOPSE<\/strong><\/p>\n<p>A Colec\u00e7\u00e3o Legisla\u00e7\u00e3o tem um novo formato para ser mais f\u00e1cil de manusear e transportar. Todas as edi\u00e7\u00f5es contam com o apoio de uma experiente equipa de especialistas para ir ao encontro das expectativas e necessidades de todos os que, na sua vida profissional e pessoal, lidam com quest\u00f5es legais. Sempre actualizada e de f\u00e1cil consulta, esta colec\u00e7\u00e3o \u00e9 uma ferramenta de trabalho de refer\u00eancia, que permite a explora\u00e7\u00e3o r\u00e1pida e segura da legisla\u00e7\u00e3o.<\/p>\n<p>2. edi\u00e7\u00e3o<\/p>\n<p><strong>Lei n. 23\/2007, de 1 de Agosto<\/strong> (Lei do Trabalho)<\/p>\n<p><strong>Lei n. 19\/2014, de 27 de Agosto<\/strong> (Lei de protec\u00e7\u00e3o da pessoa, do trabalhador e do candidato a Emprego vivendo com HIV\/SIDA)<\/p>\n<p><strong>Decreto-Lei n. 22\/77, de Maio<\/strong> (Ratifica algumas conven\u00e7\u00f5es\u00a0da Organiza\u00e7\u00e3o internacional do Trabalho-OIT)<\/p>\n<p><strong>Decreto n. 48\/2016, de 1 de Novembro<\/strong> (Cria o Instituto Nacional de Emprego)<\/p>\n<p><strong>Decreto n. 46\/2016, de 31 de Outubro<\/strong> (Aprova o Regulamento de Trabalho portu\u00e1rio)<\/p>\n<p><strong>Decreto n. 37\/2016, de 31 de Agosto<\/strong> (Aprova o regulamento dos Mecanismos e procedimentos para a contrata\u00e7\u00e3o de cidad\u00e3os de Nacionalidade Estrangeira)<\/p>\n<p><strong>Decreto n. 36\/2016, de 31 de Agosto<\/strong> (Aprova o Regulamento de Licenciamento e Funcionamento das Ag\u00eancias privadas de Emprego)<\/p>\n<p><strong>Decreto n. 17\/2015, de 14 de Agosto<\/strong> (Aprova o Estatuto Org\u00e2nico da Comiss\u00e3o consultiva do Trabalho)<\/p>\n<p><strong>Decreto n. 13\/2015, de 3 de Julho<\/strong> (Aprova o Regulamento do Trabalho Mineiro)<\/p>\n<p><strong>Decreto n. 7\/2015, de 3 Julho<\/strong> (Aprova o Regulamento das Toler\u00e2ncias de Ponto)<\/p>\n<p><strong>Decreto n. 50\/2014, de 30 de Setembro<\/strong> (Aprova o Regulamento do Trabalho Mar\u00edtimo)<\/p>\n<p>Decreto n. 48\/2014 de 17 de Setembro (Aprova o Regulamento do Trabalho Desportivo)<\/p>\n<p>Decreto n. 8\/2014, de 19 de Fevereiro (Cria o instituto Nacional de prevalecia Social, abreviadamente desenganado por INPS)<\/p>\n<p>Decreto n. 35\/2013, de 2 de Agosto (Aprova o Regulamento de Est\u00e1gios Pr\u00e9 -profissionais)<\/p>\n<p>Decreto n. 45\/2009, de 14 de Agosto (Aprova o Regulamento da inspec\u00e7\u00e3o geral do Trabalho (IGT))<\/p>\n<p>Decreto n. 40\/2008, de 26 de Novembro (Aprova o Regulamento do Trabalho domestico)<\/p>\n<p>Decreto n. 53\/2007, de 3 de Dezembro ( Aprova o Regulamento da Seguran\u00e7a social obrigat\u00f3ria)<\/p>\n<p>Diploma Ministerial n. 89\/2016, de 7 de Dezembro (Aprova o Regulamento Interno da Inspec\u00e7\u00e3o-Geral do Trabalho (IGT))<\/p>\n<p>Diploma Ministerial n. 63\/2011, de 7 de Novembro (Aprova o regulamento de Contrata\u00e7\u00e3o de\u00a0 Cidad\u00e3os de Nacionalidade Estrangeira no Sector de Petr\u00f3leos e Minas)<\/p>\n<p>Resolu\u00e7\u00e3o n. 5\/015, de 26 de Junho (Aprova o Estatuto Org\u00e2nico do Minist\u00e9rio do Trabalho, Emprego e Seguran\u00e7a Social)<\/p>\n<p>Resolu\u00e7\u00e3o n. 34\/2004, de 9 de Julho (Ratifica a carta dos Direitos Sociais Fundamentais da SADC)<\/p>\n","protected":false},"featured_media":5683,"template":"","meta":{"_monsterinsights_skip_tracking":false,"_monsterinsights_sitenote_active":false,"_monsterinsights_sitenote_note":"","_monsterinsights_sitenote_category":0},"product_cat":[102],"product_tag":[],"class_list":{"0":"post-5537","1":"product","2":"type-product","3":"status-publish","4":"has-post-thumbnail","6":"product_cat-livros-tecnicos","8":"first","9":"outofstock","10":"shipping-taxable","11":"purchasable","12":"product-type-simple"},"_links":{"self":[{"href":"https:\/\/mabuko.co.mz\/site\/index.php?rest_route=\/wp\/v2\/product\/5537","targetHints":{"allow":["GET"]}}],"collection":[{"href":"https:\/\/mabuko.co.mz\/site\/index.php?rest_route=\/wp\/v2\/product"}],"about":[{"href":"https:\/\/mabuko.co.mz\/site\/index.php?rest_route=\/wp\/v2\/types\/product"}],"wp:featuredmedia":[{"embeddable":true,"href":"https:\/\/mabuko.co.mz\/site\/index.php?rest_route=\/wp\/v2\/media\/5683"}],"wp:attachment":[{"href":"https:\/\/mabuko.co.mz\/site\/index.php?rest_route=%2Fwp%2Fv2%2Fmedia&parent=5537"}],"wp:term":[{"taxonomy":"product_cat","embeddable":true,"href":"https:\/\/mabuko.co.mz\/site\/index.php?rest_route=%2Fwp%2Fv2%2Fproduct_cat&post=5537"},{"taxonomy":"product_tag","embeddable":true,"href":"https:\/\/mabuko.co.mz\/site\/index.php?rest_route=%2Fwp%2Fv2%2Fproduct_tag&post=5537"}],"curies":[{"name":"wp","href":"https:\/\/api.w.org\/{rel}","templated":true}]}}