{"id":5536,"date":"2022-07-26T14:17:37","date_gmt":"2022-07-26T14:17:37","guid":{"rendered":"https:\/\/mabuko.co.mz\/?post_type=product&#038;p=5536"},"modified":"2023-01-05T12:03:06","modified_gmt":"2023-01-05T12:03:06","slug":"codigo-do-processo-civil-e-legislacao-complementar","status":"publish","type":"product","link":"https:\/\/mabuko.co.mz\/site\/?product=codigo-do-processo-civil-e-legislacao-complementar","title":{"rendered":"C\u00d3DIGO DO PROCESSO CIVIL E LEGISLA\u00c7\u00c3O COMPLEMENTAR"},"content":{"rendered":"<p>Filipe sebati\u00e3o Sitoi<\/p>\n","protected":false},"excerpt":{"rendered":"<p>Filipe sebati\u00e3o Sitoi<\/p>\n","protected":false},"featured_media":6370,"template":"","meta":{"_monsterinsights_skip_tracking":false,"_monsterinsights_sitenote_active":false,"_monsterinsights_sitenote_note":"","_monsterinsights_sitenote_category":0},"product_cat":[102],"product_tag":[],"class_list":{"0":"post-5536","1":"product","2":"type-product","3":"status-publish","4":"has-post-thumbnail","6":"product_cat-livros-tecnicos","7":"pa_book-author-filipe-sebatiao-sitoi","9":"first","10":"instock","11":"shipping-taxable","12":"purchasable","13":"product-type-simple"},"_links":{"self":[{"href":"https:\/\/mabuko.co.mz\/site\/index.php?rest_route=\/wp\/v2\/product\/5536","targetHints":{"allow":["GET"]}}],"collection":[{"href":"https:\/\/mabuko.co.mz\/site\/index.php?rest_route=\/wp\/v2\/product"}],"about":[{"href":"https:\/\/mabuko.co.mz\/site\/index.php?rest_route=\/wp\/v2\/types\/product"}],"wp:featuredmedia":[{"embeddable":true,"href":"https:\/\/mabuko.co.mz\/site\/index.php?rest_route=\/wp\/v2\/media\/6370"}],"wp:attachment":[{"href":"https:\/\/mabuko.co.mz\/site\/index.php?rest_route=%2Fwp%2Fv2%2Fmedia&parent=5536"}],"wp:term":[{"taxonomy":"product_cat","embeddable":true,"href":"https:\/\/mabuko.co.mz\/site\/index.php?rest_route=%2Fwp%2Fv2%2Fproduct_cat&post=5536"},{"taxonomy":"product_tag","embeddable":true,"href":"https:\/\/mabuko.co.mz\/site\/index.php?rest_route=%2Fwp%2Fv2%2Fproduct_tag&post=5536"}],"curies":[{"name":"wp","href":"https:\/\/api.w.org\/{rel}","templated":true}]}}