{"id":5532,"date":"2022-07-26T14:04:21","date_gmt":"2022-07-26T14:04:21","guid":{"rendered":"https:\/\/mabuko.co.mz\/?post_type=product&#038;p=5532"},"modified":"2023-08-04T08:44:36","modified_gmt":"2023-08-04T08:44:36","slug":"codigo-comercial","status":"publish","type":"product","link":"https:\/\/mabuko.co.mz\/site\/?product=codigo-comercial","title":{"rendered":"C\u00d3DIGO COMERCIAL"},"content":{"rendered":"<p>9789896701482<\/p>\n","protected":false},"excerpt":{"rendered":"<p><strong>SINOPSE<\/strong><\/p>\n<p>Nova edi\u00e7\u00e3o 2022<\/p>\n<p><strong>Lei n. 10\/2005, de 23 de Dezembro<\/strong> (Autoriza o Governo a introduzir altera\u00e7\u00f5es\u00a0ao c\u00f3digo comercial)<\/p>\n<p><strong>Decreto-Lei n. 2\/2005, de Dezembro<\/strong> (C\u00f3digo comercial com as altera\u00e7\u00f5es\u00a0introduzidas pelos Decretos-Lei n. 2\/2009, de 24 de Abril, e n. 1\/2018, de 4 de Maio)<\/p>\n","protected":false},"featured_media":5534,"template":"","meta":{"_monsterinsights_skip_tracking":false,"_monsterinsights_sitenote_active":false,"_monsterinsights_sitenote_note":"","_monsterinsights_sitenote_category":0},"product_cat":[109],"product_tag":[],"class_list":{"0":"post-5532","1":"product","2":"type-product","3":"status-publish","4":"has-post-thumbnail","6":"product_cat-apoio-escolar","8":"first","9":"outofstock","10":"shipping-taxable","11":"purchasable","12":"product-type-simple"},"_links":{"self":[{"href":"https:\/\/mabuko.co.mz\/site\/index.php?rest_route=\/wp\/v2\/product\/5532","targetHints":{"allow":["GET"]}}],"collection":[{"href":"https:\/\/mabuko.co.mz\/site\/index.php?rest_route=\/wp\/v2\/product"}],"about":[{"href":"https:\/\/mabuko.co.mz\/site\/index.php?rest_route=\/wp\/v2\/types\/product"}],"wp:featuredmedia":[{"embeddable":true,"href":"https:\/\/mabuko.co.mz\/site\/index.php?rest_route=\/wp\/v2\/media\/5534"}],"wp:attachment":[{"href":"https:\/\/mabuko.co.mz\/site\/index.php?rest_route=%2Fwp%2Fv2%2Fmedia&parent=5532"}],"wp:term":[{"taxonomy":"product_cat","embeddable":true,"href":"https:\/\/mabuko.co.mz\/site\/index.php?rest_route=%2Fwp%2Fv2%2Fproduct_cat&post=5532"},{"taxonomy":"product_tag","embeddable":true,"href":"https:\/\/mabuko.co.mz\/site\/index.php?rest_route=%2Fwp%2Fv2%2Fproduct_tag&post=5532"}],"curies":[{"name":"wp","href":"https:\/\/api.w.org\/{rel}","templated":true}]}}