{"id":5526,"date":"2022-07-26T13:37:26","date_gmt":"2022-07-26T13:37:26","guid":{"rendered":"https:\/\/mabuko.co.mz\/?post_type=product&#038;p=5526"},"modified":"2023-08-04T08:44:36","modified_gmt":"2023-08-04T08:44:36","slug":"lei-do-trabalho-tudo-que-precisa-saber","status":"publish","type":"product","link":"https:\/\/mabuko.co.mz\/site\/?product=lei-do-trabalho-tudo-que-precisa-saber","title":{"rendered":"LEI DO TRABALHO tudo que precisa saber"},"content":{"rendered":"<p>Miranda Alliance<\/p>\n<p>9789896116149<\/p>\n","protected":false},"excerpt":{"rendered":"<p><strong>SINOPSE<\/strong><\/p>\n<p>Escrito de um modo simples e directo e recorrendo a exemplos pr\u00e1ticos, &#8220;Lei do Trabalho -Tudo o que precisa saber&#8221; \u00e9 uma ferramenta fundamental tanto para o trabalhador como para o empregador, bem como para todos os profissionais que lidam com mat\u00e9rias laborais.<\/p>\n<p>Este livro re\u00fane um conjunto de 191 perguntas e respostas \u00e0s d\u00favidas que frequentemente se colocam nesta \u00e1rea, esperando assim contribuir para uma melhor compreens\u00e3o dos direitos e dos deveres de todos os trabalhadores mo\u00e7ambicanos. Miranda Alliance re\u00fane cerca de 230 advogados em 18 jurisdi\u00e7\u00f5es, espalhadas por 4 continentes, sendo que a capacidade de actua\u00e7\u00e3o no continente africano \u00e9 sobejamente reconhecida.<\/p>\n<p>A sociedade de advogados membro da Miranda Alliance em Mo\u00e7ambique, Pimenta et Associados &#8211; Sociedade de Advogados, Lda. presta servi\u00e7os em todos os ramos do Direito e \u00e9 uma das maiores sociedades de advogados de Mo\u00e7ambique. Com escrit\u00f3rios situados em Maputo e em Pemba, s\u00e3o reconhecidos pela solidez da experi\u00eancia local e pela sua vasta e duradoura representa\u00e7\u00e3o de clientes e investidores internacionais.<\/p>\n<p>Os advogados da sociedade s\u00e3o fluentes em portugu\u00eas e em ingl\u00eas e plenamente orientados para a comunica\u00e7\u00e3o com o cliente.<\/p>\n","protected":false},"featured_media":5528,"template":"","meta":{"_monsterinsights_skip_tracking":false,"_monsterinsights_sitenote_active":false,"_monsterinsights_sitenote_note":"","_monsterinsights_sitenote_category":0},"product_cat":[109],"product_tag":[],"class_list":{"0":"post-5526","1":"product","2":"type-product","3":"status-publish","4":"has-post-thumbnail","6":"product_cat-apoio-escolar","7":"pa_book-author-miranda-alliance","9":"first","10":"outofstock","11":"shipping-taxable","12":"purchasable","13":"product-type-simple"},"_links":{"self":[{"href":"https:\/\/mabuko.co.mz\/site\/index.php?rest_route=\/wp\/v2\/product\/5526","targetHints":{"allow":["GET"]}}],"collection":[{"href":"https:\/\/mabuko.co.mz\/site\/index.php?rest_route=\/wp\/v2\/product"}],"about":[{"href":"https:\/\/mabuko.co.mz\/site\/index.php?rest_route=\/wp\/v2\/types\/product"}],"wp:featuredmedia":[{"embeddable":true,"href":"https:\/\/mabuko.co.mz\/site\/index.php?rest_route=\/wp\/v2\/media\/5528"}],"wp:attachment":[{"href":"https:\/\/mabuko.co.mz\/site\/index.php?rest_route=%2Fwp%2Fv2%2Fmedia&parent=5526"}],"wp:term":[{"taxonomy":"product_cat","embeddable":true,"href":"https:\/\/mabuko.co.mz\/site\/index.php?rest_route=%2Fwp%2Fv2%2Fproduct_cat&post=5526"},{"taxonomy":"product_tag","embeddable":true,"href":"https:\/\/mabuko.co.mz\/site\/index.php?rest_route=%2Fwp%2Fv2%2Fproduct_tag&post=5526"}],"curies":[{"name":"wp","href":"https:\/\/api.w.org\/{rel}","templated":true}]}}