{"id":5524,"date":"2022-07-26T12:31:32","date_gmt":"2022-07-26T12:31:32","guid":{"rendered":"https:\/\/mabuko.co.mz\/?post_type=product&#038;p=5524"},"modified":"2023-01-05T12:09:21","modified_gmt":"2023-01-05T12:09:21","slug":"kwiri","status":"publish","type":"product","link":"https:\/\/mabuko.co.mz\/site\/?product=kwiri","title":{"rendered":"KWIRI"},"content":{"rendered":"<p>Roberto Chitsondzo<\/p>\n<p>9789789020010<\/p>\n","protected":false},"excerpt":{"rendered":"<p><strong>SINOPSE<\/strong><br \/>\n\u00abEstou nas musicas do meu pai\u00bb. (Neusia Tania da S. Chitsondzo)<\/p>\n<p>\u00abEsta obra \u00e9 um cocktail de emo\u00e7\u00f5es. Esta obra, com sinceridade, \u00e9 o momento mais honesto mais\u00a0 honesto da vida de Chitsonzo\u00bb. (Moreira Chongui\u00e7a)<\/p>\n<p>\u00ab Este disco ajuda a pensar como \u00e9 importante e necess\u00e1rio recuperar estes momentos de express\u00e3o, estas memorias escondidas\u00bb. (Maria Paula Meneses)<\/p>\n<p>\u00ab Roberto \u00e9 um cantor que n\u00e3o apenas nasceu em Mo\u00e7ambique. Mo\u00e7ambique est\u00e1 nascido nele, do talento de algu\u00e9m que nos canta e celebra os lugares e os nomes que temos sem que soub\u00e9ssemos antes\u00bb.<\/p>\n","protected":false},"featured_media":5975,"template":"","meta":{"_monsterinsights_skip_tracking":false,"_monsterinsights_sitenote_active":false,"_monsterinsights_sitenote_note":"","_monsterinsights_sitenote_category":0},"product_cat":[104],"product_tag":[],"class_list":{"0":"post-5524","1":"product","2":"type-product","3":"status-publish","4":"has-post-thumbnail","6":"product_cat-literatura-geral","7":"pa_book-author-roberto-chitsondzo","9":"first","10":"instock","11":"shipping-taxable","12":"purchasable","13":"product-type-simple"},"_links":{"self":[{"href":"https:\/\/mabuko.co.mz\/site\/index.php?rest_route=\/wp\/v2\/product\/5524","targetHints":{"allow":["GET"]}}],"collection":[{"href":"https:\/\/mabuko.co.mz\/site\/index.php?rest_route=\/wp\/v2\/product"}],"about":[{"href":"https:\/\/mabuko.co.mz\/site\/index.php?rest_route=\/wp\/v2\/types\/product"}],"wp:featuredmedia":[{"embeddable":true,"href":"https:\/\/mabuko.co.mz\/site\/index.php?rest_route=\/wp\/v2\/media\/5975"}],"wp:attachment":[{"href":"https:\/\/mabuko.co.mz\/site\/index.php?rest_route=%2Fwp%2Fv2%2Fmedia&parent=5524"}],"wp:term":[{"taxonomy":"product_cat","embeddable":true,"href":"https:\/\/mabuko.co.mz\/site\/index.php?rest_route=%2Fwp%2Fv2%2Fproduct_cat&post=5524"},{"taxonomy":"product_tag","embeddable":true,"href":"https:\/\/mabuko.co.mz\/site\/index.php?rest_route=%2Fwp%2Fv2%2Fproduct_tag&post=5524"}],"curies":[{"name":"wp","href":"https:\/\/api.w.org\/{rel}","templated":true}]}}