{"id":5522,"date":"2022-07-26T12:12:20","date_gmt":"2022-07-26T12:12:20","guid":{"rendered":"https:\/\/mabuko.co.mz\/?post_type=product&#038;p=5522"},"modified":"2023-01-05T12:10:05","modified_gmt":"2023-01-05T12:10:05","slug":"kudumba-uma-plataforma-de-preservacao-da-lingua","status":"publish","type":"product","link":"https:\/\/mabuko.co.mz\/site\/?product=kudumba-uma-plataforma-de-preservacao-da-lingua","title":{"rendered":"KUDUMBA uma plataforma de preserva\u00e7\u00e3o da l\u00edngua"},"content":{"rendered":"<p>Cremildo Bahule<\/p>\n","protected":false},"excerpt":{"rendered":"<p>Cremildo Bahule<\/p>\n","protected":false},"featured_media":5523,"template":"","meta":{"_monsterinsights_skip_tracking":false,"_monsterinsights_sitenote_active":false,"_monsterinsights_sitenote_note":"","_monsterinsights_sitenote_category":0},"product_cat":[103],"product_tag":[],"class_list":{"0":"post-5522","1":"product","2":"type-product","3":"status-publish","4":"has-post-thumbnail","6":"product_cat-literatura","7":"pa_book-author-cremildo-bahule","9":"first","10":"instock","11":"shipping-taxable","12":"purchasable","13":"product-type-simple"},"_links":{"self":[{"href":"https:\/\/mabuko.co.mz\/site\/index.php?rest_route=\/wp\/v2\/product\/5522","targetHints":{"allow":["GET"]}}],"collection":[{"href":"https:\/\/mabuko.co.mz\/site\/index.php?rest_route=\/wp\/v2\/product"}],"about":[{"href":"https:\/\/mabuko.co.mz\/site\/index.php?rest_route=\/wp\/v2\/types\/product"}],"wp:featuredmedia":[{"embeddable":true,"href":"https:\/\/mabuko.co.mz\/site\/index.php?rest_route=\/wp\/v2\/media\/5523"}],"wp:attachment":[{"href":"https:\/\/mabuko.co.mz\/site\/index.php?rest_route=%2Fwp%2Fv2%2Fmedia&parent=5522"}],"wp:term":[{"taxonomy":"product_cat","embeddable":true,"href":"https:\/\/mabuko.co.mz\/site\/index.php?rest_route=%2Fwp%2Fv2%2Fproduct_cat&post=5522"},{"taxonomy":"product_tag","embeddable":true,"href":"https:\/\/mabuko.co.mz\/site\/index.php?rest_route=%2Fwp%2Fv2%2Fproduct_tag&post=5522"}],"curies":[{"name":"wp","href":"https:\/\/api.w.org\/{rel}","templated":true}]}}