{"id":5515,"date":"2022-07-26T08:01:53","date_gmt":"2022-07-26T08:01:53","guid":{"rendered":"https:\/\/mabuko.co.mz\/?post_type=product&#038;p=5515"},"modified":"2023-01-05T12:11:45","modified_gmt":"2023-01-05T12:11:45","slug":"construcao-sonora-de-mocambique-1974-1994","status":"publish","type":"product","link":"https:\/\/mabuko.co.mz\/site\/?product=construcao-sonora-de-mocambique-1974-1994","title":{"rendered":"CONSTRU\u00c7\u00c3O SONORA DE MO\u00c7AMBIQUE 1974-1994"},"content":{"rendered":"","protected":false},"excerpt":{"rendered":"<p><strong>SINOPSE<\/strong><\/p>\n<p>Este livro aborda o papel das pr\u00e1ticas expressivas, designadamente da m\u00fasica, na \u2018\u2018constru\u00e7\u00e3o sonora de uma na\u00e7\u00e3o\u201d num contexto p\u00f3s-colonial- a Republica popular de Mo\u00e7ambique- entre 1974 e 1994, a partir de tr\u00eas terrenos interligados: politica cultural, radiodifus\u00e3o e industrias da musica. Ao longo de dez cap\u00edtulos, constru\u00eddos a partir de dezenas de entrevistas, monografias, centenas de documentos audiovisuais e artigos de Jornais, explora-se o modo como um conjunto de \u201cmudan\u00e7as\u201d- politicas, culturais e musicais- se coadjuvaram no processo de cria\u00e7\u00e3o dos valores sonoros de uma na\u00e7\u00e3o, sem esquecer o papel de diferentes intervenientes-pol\u00edticos, decisores culturais, jornalistas, m\u00fasicos, produtores- na participa\u00e7\u00e3o e reac\u00e7\u00e3o a essas mesmas mudan\u00e7a. S\u00e3o explorados diversos assuntos, tais como a categoriza\u00e7\u00e3o musical, os sistemas de produ\u00e7\u00e3o fonogr\u00e1fica, o papel da radiodifus\u00e3o, os repert\u00f3rios e agrupamentos musicais predominantes, o estatuto do m\u00fasico, o lugar da mulher artista na sociedade mo\u00e7ambicana, as conting\u00eancias decorrentes da produ\u00e7\u00e3o musical em contexto da guerra, as primeiras incurs\u00f5es mo\u00e7ambicanas no \u00e2mbito da categoria de mercado \u201cWorld Music\u201d, bem como a rela\u00e7\u00e3o entre diferentes representa\u00e7\u00f5es sonoras e os seus diversos contextos politico-sociais.<\/p>\n","protected":false},"featured_media":0,"template":"","meta":{"_monsterinsights_skip_tracking":false,"_monsterinsights_sitenote_active":false,"_monsterinsights_sitenote_note":"","_monsterinsights_sitenote_category":0},"product_cat":[237],"product_tag":[],"class_list":{"0":"post-5515","1":"product","2":"type-product","3":"status-publish","5":"product_cat-arte","6":"pa_book-author-marco-roque-de-freitas","8":"first","9":"instock","10":"shipping-taxable","11":"purchasable","12":"product-type-simple"},"_links":{"self":[{"href":"https:\/\/mabuko.co.mz\/site\/index.php?rest_route=\/wp\/v2\/product\/5515","targetHints":{"allow":["GET"]}}],"collection":[{"href":"https:\/\/mabuko.co.mz\/site\/index.php?rest_route=\/wp\/v2\/product"}],"about":[{"href":"https:\/\/mabuko.co.mz\/site\/index.php?rest_route=\/wp\/v2\/types\/product"}],"wp:attachment":[{"href":"https:\/\/mabuko.co.mz\/site\/index.php?rest_route=%2Fwp%2Fv2%2Fmedia&parent=5515"}],"wp:term":[{"taxonomy":"product_cat","embeddable":true,"href":"https:\/\/mabuko.co.mz\/site\/index.php?rest_route=%2Fwp%2Fv2%2Fproduct_cat&post=5515"},{"taxonomy":"product_tag","embeddable":true,"href":"https:\/\/mabuko.co.mz\/site\/index.php?rest_route=%2Fwp%2Fv2%2Fproduct_tag&post=5515"}],"curies":[{"name":"wp","href":"https:\/\/api.w.org\/{rel}","templated":true}]}}