{"id":5510,"date":"2022-07-25T10:33:09","date_gmt":"2022-07-25T10:33:09","guid":{"rendered":"https:\/\/mabuko.co.mz\/?post_type=product&#038;p=5510"},"modified":"2023-01-05T12:15:17","modified_gmt":"2023-01-05T12:15:17","slug":"afonso-dhlakama-a-longa-luta-em-defesa-da-democracia","status":"publish","type":"product","link":"https:\/\/mabuko.co.mz\/site\/?product=afonso-dhlakama-a-longa-luta-em-defesa-da-democracia","title":{"rendered":"AFONSO DHLAKAMA A longa luta em defesa da democracia"},"content":{"rendered":"<p>Adelino Tim\u00f3teo<\/p>\n<p>9789898901156<\/p>\n","protected":false},"excerpt":{"rendered":"<p><strong>SINOPSE<\/strong><\/p>\n<p>\u201c N\u00e3o basta escrever um canto revolucion\u00e1rio para participar da revolu\u00e7\u00e3o africana; \u00e9 preciso fazer esta revolu\u00e7\u00e3o com o povo. Com o povo, e os cantos surgir\u00e3o sozinhos e por si mesmos. Para ter uma ac\u00e7\u00e3o autentica, \u00e9 necess\u00e1rio ser pessoalmente uma parte viva da \u00c1frica e de seu pensamento, um elemento dessa energia popular inteiramente mobilizada para a liberta\u00e7\u00e3o, o progresso e a felicidade da \u00c1frica. N\u00e3o h\u00e1 nenhum lugar fora desse combate \u00fanico nem para o artista, nem para o intelectual que n\u00e3o esteja ele pr\u00f3prio empenhado e totalmente mobilizado com o povo na grande luta da \u00c1frica e da humanidade sofredora\u201d<\/p>\n","protected":false},"featured_media":5978,"template":"","meta":{"_monsterinsights_skip_tracking":false,"_monsterinsights_sitenote_active":false,"_monsterinsights_sitenote_note":"","_monsterinsights_sitenote_category":0},"product_cat":[319],"product_tag":[],"class_list":{"0":"post-5510","1":"product","2":"type-product","3":"status-publish","4":"has-post-thumbnail","6":"product_cat-literatura-mocambicana","7":"pa_book-author-adelino-timoteo","9":"first","10":"instock","11":"shipping-taxable","12":"purchasable","13":"product-type-simple"},"_links":{"self":[{"href":"https:\/\/mabuko.co.mz\/site\/index.php?rest_route=\/wp\/v2\/product\/5510","targetHints":{"allow":["GET"]}}],"collection":[{"href":"https:\/\/mabuko.co.mz\/site\/index.php?rest_route=\/wp\/v2\/product"}],"about":[{"href":"https:\/\/mabuko.co.mz\/site\/index.php?rest_route=\/wp\/v2\/types\/product"}],"wp:featuredmedia":[{"embeddable":true,"href":"https:\/\/mabuko.co.mz\/site\/index.php?rest_route=\/wp\/v2\/media\/5978"}],"wp:attachment":[{"href":"https:\/\/mabuko.co.mz\/site\/index.php?rest_route=%2Fwp%2Fv2%2Fmedia&parent=5510"}],"wp:term":[{"taxonomy":"product_cat","embeddable":true,"href":"https:\/\/mabuko.co.mz\/site\/index.php?rest_route=%2Fwp%2Fv2%2Fproduct_cat&post=5510"},{"taxonomy":"product_tag","embeddable":true,"href":"https:\/\/mabuko.co.mz\/site\/index.php?rest_route=%2Fwp%2Fv2%2Fproduct_tag&post=5510"}],"curies":[{"name":"wp","href":"https:\/\/api.w.org\/{rel}","templated":true}]}}