{"id":5508,"date":"2022-07-25T10:09:37","date_gmt":"2022-07-25T10:09:37","guid":{"rendered":"https:\/\/mabuko.co.mz\/?post_type=product&#038;p=5508"},"modified":"2023-01-05T12:16:07","modified_gmt":"2023-01-05T12:16:07","slug":"os-ultimos-dias-de-uria-simango","status":"publish","type":"product","link":"https:\/\/mabuko.co.mz\/site\/?product=os-ultimos-dias-de-uria-simango","title":{"rendered":"OS \u00daLTIMOS DIAS DE URIA SIMANGO"},"content":{"rendered":"<p>Adelino Tim\u00f3teo<\/p>\n<p>9789892077994<\/p>\n","protected":false},"excerpt":{"rendered":"<p><strong>SINOPSE<\/strong><\/p>\n<p>&#8221; Recuamos cada dia diante da luta, mas ficai certos de que n\u00e3o a evitaremos: os matadores precisam dela e v\u00e3o precipitar-se sobre n\u00f3s e moer-nos de pau. Assim terminar\u00e1 o tempo dos feiticeiros e dos fetiches: \u00c9 \u00a0o momento final da dial\u00e9ctica: condenais esta guerra mas ainda n\u00e3o ousais declarar-vos solid\u00e1rios com os combatente; n\u00e3o tenhais medo, confiai nos colonos e mercen\u00e1rios; eles vos obrigar\u00e3o a lutar. Talvez ent\u00e3o, levados \u00e0 parede, desenfreareis enfim essa viol\u00eancia nova que velhos crimes, requentados suscitam em v\u00f3s. Mas isto, como dizem, e outra hist\u00f3ria. A do homem. Aproxima-se o tempo, estou certo disso, em que n\u00f3s nos juntaremos \u00e0queles que a fazem&#8221;.<\/p>\n","protected":false},"featured_media":5509,"template":"","meta":{"_monsterinsights_skip_tracking":false,"_monsterinsights_sitenote_active":false,"_monsterinsights_sitenote_note":"","_monsterinsights_sitenote_category":0},"product_cat":[103],"product_tag":[],"class_list":{"0":"post-5508","1":"product","2":"type-product","3":"status-publish","4":"has-post-thumbnail","6":"product_cat-literatura","7":"pa_book-author-adelino-timoteo","9":"first","10":"instock","11":"shipping-taxable","12":"purchasable","13":"product-type-simple"},"_links":{"self":[{"href":"https:\/\/mabuko.co.mz\/site\/index.php?rest_route=\/wp\/v2\/product\/5508","targetHints":{"allow":["GET"]}}],"collection":[{"href":"https:\/\/mabuko.co.mz\/site\/index.php?rest_route=\/wp\/v2\/product"}],"about":[{"href":"https:\/\/mabuko.co.mz\/site\/index.php?rest_route=\/wp\/v2\/types\/product"}],"wp:featuredmedia":[{"embeddable":true,"href":"https:\/\/mabuko.co.mz\/site\/index.php?rest_route=\/wp\/v2\/media\/5509"}],"wp:attachment":[{"href":"https:\/\/mabuko.co.mz\/site\/index.php?rest_route=%2Fwp%2Fv2%2Fmedia&parent=5508"}],"wp:term":[{"taxonomy":"product_cat","embeddable":true,"href":"https:\/\/mabuko.co.mz\/site\/index.php?rest_route=%2Fwp%2Fv2%2Fproduct_cat&post=5508"},{"taxonomy":"product_tag","embeddable":true,"href":"https:\/\/mabuko.co.mz\/site\/index.php?rest_route=%2Fwp%2Fv2%2Fproduct_tag&post=5508"}],"curies":[{"name":"wp","href":"https:\/\/api.w.org\/{rel}","templated":true}]}}