{"id":5494,"date":"2022-07-22T14:20:27","date_gmt":"2022-07-22T14:20:27","guid":{"rendered":"https:\/\/mabuko.co.mz\/?post_type=product&#038;p=5494"},"modified":"2022-12-30T13:13:50","modified_gmt":"2022-12-30T13:13:50","slug":"aporias-do-mocambique-pos-colonial-estado-sociedade-e-capital","status":"publish","type":"product","link":"https:\/\/mabuko.co.mz\/site\/?product=aporias-do-mocambique-pos-colonial-estado-sociedade-e-capital","title":{"rendered":"APORIAS DO MO\u00c7AMBIQUE P\u00d3S-COLONIAL  Estado, sociedade e capital"},"content":{"rendered":"<p>Boaventura Monjane<\/p>\n<p>Regio Conrado<br \/>\n9781988832739<\/p>\n","protected":false},"excerpt":{"rendered":"<p><strong>SINOPSE<\/strong><\/p>\n<p>Este livro escrutina o impacto significativo da independ\u00eancia em diferentes sectores da sociedade mo\u00e7ambicana. Quarenta e cinco anos ap\u00f3s a independ\u00eancia, Mo\u00e7ambique conheceu v\u00e1rias transforma\u00e7\u00f5es. O Mo\u00e7ambique p\u00f3s-colonial \u00e9 hoje, em muitos aspectos, diferente do Mo\u00e7ambique colonial. No entanto, existem muitas quest\u00f5es permanentes relativas a essas transforma\u00e7\u00f5es e ao seu impacto na maioria do povo mo\u00e7ambicano.<br \/>\nAo salientar as contradi\u00e7\u00f5es de todos os processos pol\u00edticos e sociais em Mo\u00e7ambique p\u00f3s-colonial, neste livro levantamos quest\u00f5es que visam desconstruir alguns mitos sobre o pa\u00eds.<br \/>\nTemas como estado, desenvolvimento, pol\u00edtica, cultura, na\u00e7\u00e3o, pol\u00edticas p\u00fablicas, pol\u00edticas agr\u00e1rias e outros s\u00e3o questionados em abordagens te\u00f3ricas inovadoras e progressivas, a fim de compreender o passado, o presente e o futuro de Mo\u00e7ambique numa perspectiva cr\u00edtica. Por conseguinte, cada tema do livro \u00e9 tratado de uma perspectiva cr\u00edtica para melhor captar as aporias dos \u00faltimos quarenta e cinco anos de independ\u00eancia.<br \/>\nA liberaliza\u00e7\u00e3o pol\u00edtica que deveria permitir mais partilha de poder e mais respeito pelos direitos pol\u00edticos e c\u00edvicos consolidou, pelo contr\u00e1rio, um regime autorit\u00e1rio que utiliza a ajuda internacional e os benef\u00edcios da ind\u00fastria extractiva n\u00e3o para transformar o pa\u00eds, mas para construir a sua hegemonia pol\u00edtica, econ\u00f3mica e social em todo o pa\u00eds.<br \/>\nDefendemos neste livro a tese de que \u00e9 imposs\u00edvel compreender a verdadeira din\u00e2mica social, pol\u00edtica, econ\u00f3mica e cultural sem considerar o \u201cpovo\u201d como uma categoria essencial de an\u00e1lise.<br \/>\nApesar de muitas transforma\u00e7\u00f5es positivas que ocorreram ap\u00f3s a independ\u00eancia, Mo\u00e7ambique ainda preserva muitas heran\u00e7as coloniais e, portanto, v\u00e1rias transforma\u00e7\u00f5es est\u00e3o ainda por implementar.<br \/>\nNeste trabalho afirmamos que Mo\u00e7ambique \u00e9 governado por elites que s\u00e3o incapazes de descolonizar o projecto de desenvolvimento que ainda est\u00e1 ancorado na agenda da capital internacional.<br \/>\nO objectivo deste livro \u00e9 dar uma melhor compreens\u00e3o do que tem sido o processo de independ\u00eancia em Mo\u00e7ambique e porque \u00e9 que o pa\u00eds p\u00f3s-colonial ainda \u00e9 colonial na sua estrutura pol\u00edtica e econ\u00f3mica. Assim, s\u00e3o dados muitos exemplos para dar ao leitor a possibilidade de confrontar as perspectivas te\u00f3ricas aqui utilizadas com os casos concretos.<br \/>\nTodos os estudos deste livro mostram que quarenta anos de independ\u00eancia n\u00e3o foram vividos da mesma forma pelas elites que governam o pa\u00eds e pelas popula\u00e7\u00f5es que vivem sob o seu dom\u00ednio. Por um lado, as elites no poder e os seus parentes beneficiaram, e ainda beneficiam dos recursos do pa\u00eds, enquanto que uma grande parte da popula\u00e7\u00e3o continua \u00e0 espera das promessas da independ\u00eancia.<br \/>\nDe um ponto de vista pol\u00edtico a econ\u00f3mico, os estudos que comp\u00f5em o livro destacam como o \u201cdesenvolvimento\u201d em Mo\u00e7ambique tem estado em contradi\u00e7\u00e3o com as necessidades do pa\u00eds. Significa que o actual modelo de desenvolvimento responde muito mais \u00e0 capital internacional do que \u00e0 transforma\u00e7\u00e3o social de Mo\u00e7ambique.<\/p>\n","protected":false},"featured_media":5495,"template":"","meta":{"_monsterinsights_skip_tracking":false,"_monsterinsights_sitenote_active":false,"_monsterinsights_sitenote_note":"","_monsterinsights_sitenote_category":0},"product_cat":[103],"product_tag":[],"class_list":{"0":"post-5494","1":"product","2":"type-product","3":"status-publish","4":"has-post-thumbnail","6":"product_cat-literatura","7":"pa_book-author-boaventura-monjane","8":"pa_book-author-regio-conrado","10":"first","11":"outofstock","12":"shipping-taxable","13":"purchasable","14":"product-type-simple"},"_links":{"self":[{"href":"https:\/\/mabuko.co.mz\/site\/index.php?rest_route=\/wp\/v2\/product\/5494","targetHints":{"allow":["GET"]}}],"collection":[{"href":"https:\/\/mabuko.co.mz\/site\/index.php?rest_route=\/wp\/v2\/product"}],"about":[{"href":"https:\/\/mabuko.co.mz\/site\/index.php?rest_route=\/wp\/v2\/types\/product"}],"wp:featuredmedia":[{"embeddable":true,"href":"https:\/\/mabuko.co.mz\/site\/index.php?rest_route=\/wp\/v2\/media\/5495"}],"wp:attachment":[{"href":"https:\/\/mabuko.co.mz\/site\/index.php?rest_route=%2Fwp%2Fv2%2Fmedia&parent=5494"}],"wp:term":[{"taxonomy":"product_cat","embeddable":true,"href":"https:\/\/mabuko.co.mz\/site\/index.php?rest_route=%2Fwp%2Fv2%2Fproduct_cat&post=5494"},{"taxonomy":"product_tag","embeddable":true,"href":"https:\/\/mabuko.co.mz\/site\/index.php?rest_route=%2Fwp%2Fv2%2Fproduct_tag&post=5494"}],"curies":[{"name":"wp","href":"https:\/\/api.w.org\/{rel}","templated":true}]}}