{"id":5489,"date":"2022-07-22T13:49:22","date_gmt":"2022-07-22T13:49:22","guid":{"rendered":"https:\/\/mabuko.co.mz\/?post_type=product&#038;p=5489"},"modified":"2022-12-30T13:16:20","modified_gmt":"2022-12-30T13:16:20","slug":"gole-de-laminas","status":"publish","type":"product","link":"https:\/\/mabuko.co.mz\/site\/?product=gole-de-laminas","title":{"rendered":"GOLE DE L\u00c2MINAS"},"content":{"rendered":"<p>Albert Dalela<\/p>\n<p>9789898918116<\/p>\n","protected":false},"excerpt":{"rendered":"<p><strong>SINOPSE<\/strong><\/p>\n<p>\u00c1lvaro Merc\u00fario \u2013 um homem que tem a literatura como subterf\u00fagio e que procura avivar as suas entranhas em casuais\u00a0 rela\u00e7\u00f5es sexuais \u2013 v\u00ea-se mergulhado nos seus fantasmas existenciais. Em crian\u00e7a, perdera a m\u00e3e, assassinada por seu pr\u00f3prio pai, um b\u00eabado sem escr\u00fapulos.<\/p>\n<p>H\u00e1 uma crian\u00e7a perdida no meio duma tempestade que provoca inunda\u00e7\u00f5es e mortes, num bairro, suburbano. A popula\u00e7\u00e3o deste bairro submerso na \u00e1gua, v\u00ea-se obrigada a abandonar a zona baixa.<\/p>\n<p>Todo o mundo refugia-se em diversos escombros e pr\u00e9dios da cidade de Maputo, como \u00e9 o caso da abandonada Vila Algarve.<\/p>\n<p>Os refugiados organizam uma manifesta\u00e7\u00e3o, exigindo que os corpos afogados sejam enterrados condignamente, mas a pol\u00edcia responde a estes com balas.<\/p>\n<p>C\u00e3es soltos devoram pessoas, g\u00e1s lacrimog\u00e9neo coloca-as a dormir, balas perfuram est\u00f4magos, cassetetes vibram em corpos, cabe\u00e7as e pesco\u00e7os\u2026 a pol\u00edcia n\u00e3o observa onde bate. No entanto, te enganas se pensas que este \u00e9 o auge da manifesta\u00e7\u00e3o.<\/p>\n<p>Introspectivo e filos\u00f3fico, \u201cGole de L\u00e2minas\u201d, \u00e9, sem d\u00favidas e\u00a0 fronteiras, um romance atemporal, um raio-X da sociedade contempor\u00e2nea, com nuances de \u201cVinhas da Ira\u201d de Steinbeck, por meio dum estilo com tra\u00e7os de John Fante, com o absurdismo de Camus e o ritmo de Auster.<\/p>\n","protected":false},"featured_media":5491,"template":"","meta":{"_monsterinsights_skip_tracking":false,"_monsterinsights_sitenote_active":false,"_monsterinsights_sitenote_note":"","_monsterinsights_sitenote_category":0},"product_cat":[105],"product_tag":[],"class_list":{"0":"post-5489","1":"product","2":"type-product","3":"status-publish","4":"has-post-thumbnail","6":"product_cat-romance","7":"pa_book-author-albert-dalela","9":"first","10":"instock","11":"shipping-taxable","12":"purchasable","13":"product-type-simple"},"_links":{"self":[{"href":"https:\/\/mabuko.co.mz\/site\/index.php?rest_route=\/wp\/v2\/product\/5489","targetHints":{"allow":["GET"]}}],"collection":[{"href":"https:\/\/mabuko.co.mz\/site\/index.php?rest_route=\/wp\/v2\/product"}],"about":[{"href":"https:\/\/mabuko.co.mz\/site\/index.php?rest_route=\/wp\/v2\/types\/product"}],"wp:featuredmedia":[{"embeddable":true,"href":"https:\/\/mabuko.co.mz\/site\/index.php?rest_route=\/wp\/v2\/media\/5491"}],"wp:attachment":[{"href":"https:\/\/mabuko.co.mz\/site\/index.php?rest_route=%2Fwp%2Fv2%2Fmedia&parent=5489"}],"wp:term":[{"taxonomy":"product_cat","embeddable":true,"href":"https:\/\/mabuko.co.mz\/site\/index.php?rest_route=%2Fwp%2Fv2%2Fproduct_cat&post=5489"},{"taxonomy":"product_tag","embeddable":true,"href":"https:\/\/mabuko.co.mz\/site\/index.php?rest_route=%2Fwp%2Fv2%2Fproduct_tag&post=5489"}],"curies":[{"name":"wp","href":"https:\/\/api.w.org\/{rel}","templated":true}]}}