{"id":5487,"date":"2022-07-22T13:21:41","date_gmt":"2022-07-22T13:21:41","guid":{"rendered":"https:\/\/mabuko.co.mz\/?post_type=product&#038;p=5487"},"modified":"2022-12-30T13:19:19","modified_gmt":"2022-12-30T13:19:19","slug":"suicidaram-a-sara","status":"publish","type":"product","link":"https:\/\/mabuko.co.mz\/site\/?product=suicidaram-a-sara","title":{"rendered":"SUICIDARAM A SARA"},"content":{"rendered":"<p>Stella Manhi\u00e7a Langa<\/p>\n","protected":false},"excerpt":{"rendered":"<p><strong>SINOPSE<\/strong><\/p>\n<p><em>O livro foi prefaciado pela activista social, F\u00e1tima Mimbire e com posf\u00e1cio do Psic\u00f3logo Cl\u00ednico e Acad\u00e9mico, R\u00f3mulo Muthemba.<\/em><\/p>\n<p>O livro \u00e9 um romance, com enredo e temporalidade,\u00a0 onde a personagem Sara viv\u00eancia a experi\u00eancia de vida de v\u00e1rias mulheres que s\u00e3o desafiadas e violentadas ao longo de sua vida, em virtude do g\u00e9nero. Fala sobre algumas formas de viol\u00eancia que n\u00e3o t\u00eam merecido a mesma aten\u00e7\u00e3o que a viol\u00eancia f\u00edsica, fazendo, portanto, que as v\u00edtimas ser\u00e3o em sil\u00eancio e passando por um grande sofrimento ps\u00edquico.<\/p>\n<p>\u00c9 um livro alicer\u00e7ado em eventos ver\u00eddicos que tem 2 objectivos fundamentais:<\/p>\n<p>Mostrar sem reservas como, de facto, se efectiva a viol\u00eancia baseada no g\u00e9nero; e que existem outros cen\u00e1rios,\u00a0 igualmente catastr\u00f3ficos que aqueles onde a mulher \u00e9 morta\/ assassinada em virtude da viol\u00eancia baseada no g\u00e9nero.<\/p>\n<p>Trazer a subjectividade dessas experi\u00eancias para a pr\u00f3pria mulher,\u00a0 ou seja,\u00a0 como elas realmente se sentem em rela\u00e7\u00e3o a esses acontecimentos.<\/p>\n","protected":false},"featured_media":5488,"template":"","meta":{"_monsterinsights_skip_tracking":false,"_monsterinsights_sitenote_active":false,"_monsterinsights_sitenote_note":"","_monsterinsights_sitenote_category":0},"product_cat":[105],"product_tag":[],"class_list":{"0":"post-5487","1":"product","2":"type-product","3":"status-publish","4":"has-post-thumbnail","6":"product_cat-romance","7":"pa_book-author-stella-manhica-langa","9":"first","10":"outofstock","11":"shipping-taxable","12":"purchasable","13":"product-type-simple"},"_links":{"self":[{"href":"https:\/\/mabuko.co.mz\/site\/index.php?rest_route=\/wp\/v2\/product\/5487","targetHints":{"allow":["GET"]}}],"collection":[{"href":"https:\/\/mabuko.co.mz\/site\/index.php?rest_route=\/wp\/v2\/product"}],"about":[{"href":"https:\/\/mabuko.co.mz\/site\/index.php?rest_route=\/wp\/v2\/types\/product"}],"wp:featuredmedia":[{"embeddable":true,"href":"https:\/\/mabuko.co.mz\/site\/index.php?rest_route=\/wp\/v2\/media\/5488"}],"wp:attachment":[{"href":"https:\/\/mabuko.co.mz\/site\/index.php?rest_route=%2Fwp%2Fv2%2Fmedia&parent=5487"}],"wp:term":[{"taxonomy":"product_cat","embeddable":true,"href":"https:\/\/mabuko.co.mz\/site\/index.php?rest_route=%2Fwp%2Fv2%2Fproduct_cat&post=5487"},{"taxonomy":"product_tag","embeddable":true,"href":"https:\/\/mabuko.co.mz\/site\/index.php?rest_route=%2Fwp%2Fv2%2Fproduct_tag&post=5487"}],"curies":[{"name":"wp","href":"https:\/\/api.w.org\/{rel}","templated":true}]}}