{"id":5485,"date":"2022-07-22T13:07:23","date_gmt":"2022-07-22T13:07:23","guid":{"rendered":"https:\/\/mabuko.co.mz\/?post_type=product&#038;p=5485"},"modified":"2022-12-30T13:20:45","modified_gmt":"2022-12-30T13:20:45","slug":"rio-dos-bons-sinais","status":"publish","type":"product","link":"https:\/\/mabuko.co.mz\/site\/?product=rio-dos-bons-sinais","title":{"rendered":"RIO DOS BONS SINAIS"},"content":{"rendered":"<p>Nelson Sa\u00fate<\/p>\n<p>9789899746343<\/p>\n","protected":false},"excerpt":{"rendered":"<p><strong>SINOPSE<\/strong><\/p>\n<p>A literatura mo\u00e7ambicana vive como se fosse o outro nome de Mo\u00e7ambique. O pa\u00eds, em estado de fic\u00e7\u00e3o, encontra no escritor um parceiro c\u00famplice da sua pr\u00f3pria inven\u00e7\u00e3o. Por seu turno, o escritor vive esse privil\u00e9gio de tudo ser t\u00e3o recente que a pr\u00f3pria linguagem se apresenta em estado de inf\u00e2ncia.<\/p>\n<p>Uma vez mais, Nelson Sa\u00fate saiu de si mesmo e por via de vozes que lhe chegaram como clandestina confiss\u00f5es, tece um rio de hist\u00f3rias e devolve ao pais que viu nascer motivos para outros fragmentados nascimentos. Este <strong>Rio dos Bons Sinais<\/strong> \u00e9 uma deambula\u00e7\u00e3o pela hist\u00f3ria recente de um pa\u00eds rec\u00e9m-chegado ao mundo e de gente que n\u00e3o se demarcou ao estado de fantasma. H\u00e1, nestas hist\u00f3rias, mortos que n\u00e3o encontram a morte, homens de luto perp\u00e9tuo que apenas visitam a vida nas cerimonias f\u00fanebres, jovens que amanhecem pendurados numa corda de Sisal.\u00a0 A morte atravessa todos estes relatos mas a sua marca n\u00e3o \u00e9 a do definitivo desfecho: os mortos permanecem vivos, eternos sussurradores de luzes e lendas.<\/p>\n<p>Manda a tradi\u00e7\u00e3o local que, \u00e0 entrada dos rituais de enterro, haja uma bacia de \u00e1gua para que todos lavem as m\u00e3os. Nelson Sa\u00fate lava, na pr\u00f3pria escrita, as palavras: aqui se abrem rios de um outro tempo mo\u00e7ambicano e que nos fazem navegar por sonhos que s\u00e3o apenas o litoral da pesada realidade de um pa\u00eds que tem enorme dificuldade em se sonhar.<\/p>\n","protected":false},"featured_media":5499,"template":"","meta":{"_monsterinsights_skip_tracking":false,"_monsterinsights_sitenote_active":false,"_monsterinsights_sitenote_note":"","_monsterinsights_sitenote_category":0},"product_cat":[103],"product_tag":[],"class_list":{"0":"post-5485","1":"product","2":"type-product","3":"status-publish","4":"has-post-thumbnail","6":"product_cat-literatura","7":"pa_book-author-nelson-saute","9":"first","10":"outofstock","11":"shipping-taxable","12":"purchasable","13":"product-type-simple"},"_links":{"self":[{"href":"https:\/\/mabuko.co.mz\/site\/index.php?rest_route=\/wp\/v2\/product\/5485","targetHints":{"allow":["GET"]}}],"collection":[{"href":"https:\/\/mabuko.co.mz\/site\/index.php?rest_route=\/wp\/v2\/product"}],"about":[{"href":"https:\/\/mabuko.co.mz\/site\/index.php?rest_route=\/wp\/v2\/types\/product"}],"wp:featuredmedia":[{"embeddable":true,"href":"https:\/\/mabuko.co.mz\/site\/index.php?rest_route=\/wp\/v2\/media\/5499"}],"wp:attachment":[{"href":"https:\/\/mabuko.co.mz\/site\/index.php?rest_route=%2Fwp%2Fv2%2Fmedia&parent=5485"}],"wp:term":[{"taxonomy":"product_cat","embeddable":true,"href":"https:\/\/mabuko.co.mz\/site\/index.php?rest_route=%2Fwp%2Fv2%2Fproduct_cat&post=5485"},{"taxonomy":"product_tag","embeddable":true,"href":"https:\/\/mabuko.co.mz\/site\/index.php?rest_route=%2Fwp%2Fv2%2Fproduct_tag&post=5485"}],"curies":[{"name":"wp","href":"https:\/\/api.w.org\/{rel}","templated":true}]}}