{"id":5483,"date":"2022-07-22T12:08:51","date_gmt":"2022-07-22T12:08:51","guid":{"rendered":"https:\/\/mabuko.co.mz\/?post_type=product&#038;p=5483"},"modified":"2023-01-10T14:56:28","modified_gmt":"2023-01-10T14:56:28","slug":"uria-simango-um-homem-uma-causa","status":"publish","type":"product","link":"https:\/\/mabuko.co.mz\/site\/?product=uria-simango-um-homem-uma-causa","title":{"rendered":"URIA SIMANGO UM HOMEM, UMA CAUSA"},"content":{"rendered":"<p>Barnab\u00e9 lucas Ncomo<\/p>\n","protected":false},"excerpt":{"rendered":"<p><strong>SINOPSE<\/strong><\/p>\n<p>\u201cUria Simango- Um homem, uma Causa\u201d \u00e9 um livro da hist\u00f3ria de Mo\u00e7ambique. Um in\u00edcio do reescrever h\u00e1 muito tempo esperado. A consist\u00eancia das provas que o autor apresenta \u00e9 de tal modo irrefut\u00e1vel que n\u00e3o s\u00f3 a confirmam tamb\u00e9m alguns dos instrumentalizados de ent\u00e3o, que hoje se dizem arrependidos, como mesmo os seus mandantes, bajuladores e c\u00famplices o fazem, quando,em depoimentos transcritos nesta obra de Barnab\u00e9,n\u00e3o negamos ignominiosos factos que lhes s\u00e3o imputados, limitando-se a herc\u00faleos esfor\u00e7os visando reescrever agora a Historia desse per\u00edodo, para,em v\u00e3o, a todo o custo se auto-justificarem!<\/p>\n<p>Trata-se de uma obra apaixonada, onde o autor n\u00e3o esconde a simpatia que nutre pela figura do Rev.Uria Simango e pela causa da sua luta, o que, aos olhos de alguns, pode, de certa forma,ferir o principio de imparcialidade exigido na pesquisa e relato de fen\u00f3menos sociais de natureza hist\u00f3rica. Contudo, nada retira \u00e0 grandeza da obra. Barnab\u00e9 Lucas Ncomo apresenta documentos in\u00e9ditos ou no passado recente, por conveni\u00eancia, escamoteados, a par de depoimentos de testemunhas cred\u00edveis, identificadas e presenciais, sobre a natureza, a evolu\u00e7\u00e3o e o desfecho da crise que, em momento decisivo, se desenrolou na direc\u00e7\u00e3o da Luta Armada de Liberta\u00e7\u00e3o Nacional de Mo\u00e7ambique. Penetra de forma impressionante nas am\u00e1lgamas do processo da luta de um povo e da singular descoloniza\u00e7\u00e3o portuguesa ; cruza factos de forma jamais vista em pesquisas sobre a hist\u00f3ria recente de Mo\u00e7ambique e, com seguran\u00e7a, conclui: Os mo\u00e7ambicanos vivem uma \u201clonga mentira\u201d,que se perpetua a bem dos interesses de um certo grupo de indiv\u00edduos.<\/p>\n<p>Grande \u00e9 o m\u00e9rito desta obra pela susceptibilidade de vir espevita mem\u00f3ria colectiva dos estudiosos da Historia Nacional do Mo\u00e7ambique recente, de modo a que,no caminho dos Acordos de Roma de 04 de Outubro de 1992 , se marche para um genu\u00edno processo de Paz e de Reconcilia\u00e7\u00e3o Nacional reconhecendo, sem mentiras nem \u00f3dios reacendidos, as p\u00e1ginas tr\u00e1gicas na gloriosa dos Libertadores da P\u00e1tria mo\u00e7ambicana.<\/p>\n","protected":false},"featured_media":5484,"template":"","meta":{"_monsterinsights_skip_tracking":false,"_monsterinsights_sitenote_active":false,"_monsterinsights_sitenote_note":"","_monsterinsights_sitenote_category":0},"product_cat":[103],"product_tag":[],"class_list":{"0":"post-5483","1":"product","2":"type-product","3":"status-publish","4":"has-post-thumbnail","6":"product_cat-literatura","7":"pa_book-author-barnabe-lucas-ncomo","9":"first","10":"outofstock","11":"shipping-taxable","12":"purchasable","13":"product-type-simple"},"_links":{"self":[{"href":"https:\/\/mabuko.co.mz\/site\/index.php?rest_route=\/wp\/v2\/product\/5483","targetHints":{"allow":["GET"]}}],"collection":[{"href":"https:\/\/mabuko.co.mz\/site\/index.php?rest_route=\/wp\/v2\/product"}],"about":[{"href":"https:\/\/mabuko.co.mz\/site\/index.php?rest_route=\/wp\/v2\/types\/product"}],"wp:featuredmedia":[{"embeddable":true,"href":"https:\/\/mabuko.co.mz\/site\/index.php?rest_route=\/wp\/v2\/media\/5484"}],"wp:attachment":[{"href":"https:\/\/mabuko.co.mz\/site\/index.php?rest_route=%2Fwp%2Fv2%2Fmedia&parent=5483"}],"wp:term":[{"taxonomy":"product_cat","embeddable":true,"href":"https:\/\/mabuko.co.mz\/site\/index.php?rest_route=%2Fwp%2Fv2%2Fproduct_cat&post=5483"},{"taxonomy":"product_tag","embeddable":true,"href":"https:\/\/mabuko.co.mz\/site\/index.php?rest_route=%2Fwp%2Fv2%2Fproduct_tag&post=5483"}],"curies":[{"name":"wp","href":"https:\/\/api.w.org\/{rel}","templated":true}]}}