{"id":5479,"date":"2022-07-26T13:18:33","date_gmt":"2022-07-26T13:18:33","guid":{"rendered":"https:\/\/mabuko.co.mz\/?post_type=product&#038;p=5479"},"modified":"2023-06-30T10:04:49","modified_gmt":"2023-06-30T10:04:49","slug":"mafalala-1974-memorias-do-7-de-setembro-a-grande-operacao","status":"publish","type":"product","link":"https:\/\/mabuko.co.mz\/site\/?product=mafalala-1974-memorias-do-7-de-setembro-a-grande-operacao","title":{"rendered":"MAFALALA 1974: MEM\u00d3RIAS DO 7 DE SETEMBRO A GRANDE OPERA\u00c7\u00c3O"},"content":{"rendered":"<h6>Aur\u00e9lio Le Bon<\/h6>\n<p>&nbsp;<\/p>\n","protected":false},"excerpt":{"rendered":"<p><strong>SINOPSE<\/strong><\/p>\n<p>Os acordos de Lusaka foram celebrados no dia 7 de Setembro de 194, em Lusaka (Z\u00e2mbia), entre o Estado portugu\u00eas e a Frente de Liberta\u00e7\u00e3o de Mo\u00e7ambique (FRELIMO) Movimento Nacionalista que desencadeou a Luta Armada de Liberta\u00e7\u00e3o Nacional, com o objectivo de conquistar a Independ\u00eancia de Mo\u00e7ambique.<\/p>\n<p>O presente livro com o titulo &#8220;MAFALALA 1974- Memorias do 7 de Setembro&#8221; A Grande Opera\u00e7\u00e3o, \u00e9 uma Singela e honrosa Homenagem aos muitos Camaradas An\u00f3nimos que em Setembro de 1974, deram as suas vidas ma Batalha Final pela Independ\u00eancia de Mo\u00e7ambique.<\/p>\n<p>Quarenta e Sete Anos depois, ao fazer esta avalia\u00e7\u00e3o, permitiu-me relembrar importantes momentos da Minha Vida e de meus Camaradas, em Vida e a Titulo p\u00f3stumo, rever Hist\u00f3ria de Nacionalismo, Hero\u00edsmo e Cidadania.<\/p>\n<p>Neste percurso de viv\u00eancias, senti que o BAIRRO DA MAFALALA e a Her\u00f3ica BASE GALO, a base do povo como a designaram os Comandantes ALBERTO CHIPANDE e BONIF\u00c1CIO GRUVETA, n\u00e3o haviam sido devidamente reconhecidas e enquadradas nos anais da Her\u00f3ica Historia de Mo\u00e7ambique.<\/p>\n<p>Senti que, em momento algum, foi reconhecida a sua exist\u00eancia e as Batalhas que foram travadas numa autentica &#8220;GUERRILHA URBANA em Louren\u00e7o Marques&#8221; contra um inimigo tenebroso, dono das Unidades Econ\u00f3micas e Socais, apoiado por um Exercito poderoso, uma policia Secreta das mais Cru\u00e9is e Tenebrosas do Universo, com um n\u00edvel de infiltra\u00e7\u00e3o\u00a0ilimitado nas Nossas Fam\u00edlias.<\/p>\n","protected":false},"featured_media":8667,"template":"","meta":{"_monsterinsights_skip_tracking":false,"_monsterinsights_sitenote_active":false,"_monsterinsights_sitenote_note":"","_monsterinsights_sitenote_category":0},"product_cat":[103],"product_tag":[],"class_list":{"0":"post-5479","1":"product","2":"type-product","3":"status-publish","4":"has-post-thumbnail","6":"product_cat-literatura","7":"pa_book-author-aurelio-le-bon","9":"first","10":"instock","11":"shipping-taxable","12":"purchasable","13":"product-type-simple"},"_links":{"self":[{"href":"https:\/\/mabuko.co.mz\/site\/index.php?rest_route=\/wp\/v2\/product\/5479","targetHints":{"allow":["GET"]}}],"collection":[{"href":"https:\/\/mabuko.co.mz\/site\/index.php?rest_route=\/wp\/v2\/product"}],"about":[{"href":"https:\/\/mabuko.co.mz\/site\/index.php?rest_route=\/wp\/v2\/types\/product"}],"wp:featuredmedia":[{"embeddable":true,"href":"https:\/\/mabuko.co.mz\/site\/index.php?rest_route=\/wp\/v2\/media\/8667"}],"wp:attachment":[{"href":"https:\/\/mabuko.co.mz\/site\/index.php?rest_route=%2Fwp%2Fv2%2Fmedia&parent=5479"}],"wp:term":[{"taxonomy":"product_cat","embeddable":true,"href":"https:\/\/mabuko.co.mz\/site\/index.php?rest_route=%2Fwp%2Fv2%2Fproduct_cat&post=5479"},{"taxonomy":"product_tag","embeddable":true,"href":"https:\/\/mabuko.co.mz\/site\/index.php?rest_route=%2Fwp%2Fv2%2Fproduct_tag&post=5479"}],"curies":[{"name":"wp","href":"https:\/\/api.w.org\/{rel}","templated":true}]}}