{"id":5475,"date":"2022-07-22T09:59:00","date_gmt":"2022-07-22T09:59:00","guid":{"rendered":"https:\/\/mabuko.co.mz\/?post_type=product&#038;p=5475"},"modified":"2022-12-30T13:24:23","modified_gmt":"2022-12-30T13:24:23","slug":"o-cardeal-do-diabo","status":"publish","type":"product","link":"https:\/\/mabuko.co.mz\/site\/?product=o-cardeal-do-diabo","title":{"rendered":"O CARDEAL DO DIABO"},"content":{"rendered":"<p>El\u00edsio Macamo<\/p>\n<p>9789893318478<\/p>\n","protected":false},"excerpt":{"rendered":"<p><strong>SINOPSE<\/strong><\/p>\n<p>\u00abO que sei \u00e9 que vivemos numa sociedade em que, de facto, a realidade se apresenta de v\u00e1rias formas. N\u00e3o me refiro aqui \u00e0 realidade do sonho, da bebedeira e consequente babalaza e da lucidez. Refiro-me \u00e0 realidade que cada um de n\u00f3s toma como sendo mo\u00e7ambicana, como sendo a nossa sociedade. Algo me diz, e isto \u00e9 o que, talvez, tentei reflectir nestes artigos, que o nosso quotidiano se reduz justamente a isto. Todos os dias negociamos connosco pr\u00f3prios e com os outros a ideia que temos da realidade. Indaganamo-nos se os outros apreendem a realidade da mesma maneira. Ao fazermos coisas ou falar procuramos saber dos outros se eles confirmam a ideia que temos da realidade. \u00c9 trabalho extremamente penoso que tem desembocado nos mal-entendidos que fazem a nossa esfera p\u00fablica.\u00a0 Vivemos uma vida insegura n\u00e3o tanto porque as nossas condi\u00e7\u00f5es materiais s\u00e3o prec\u00e1rias, quanto pelo facto de n\u00e3o termos certeza sobre a natureza objectiva da realidade que nos envolve.\u00bb<\/p>\n","protected":false},"featured_media":5478,"template":"","meta":{"_monsterinsights_skip_tracking":false,"_monsterinsights_sitenote_active":false,"_monsterinsights_sitenote_note":"","_monsterinsights_sitenote_category":0},"product_cat":[103],"product_tag":[],"class_list":{"0":"post-5475","1":"product","2":"type-product","3":"status-publish","4":"has-post-thumbnail","6":"product_cat-literatura","7":"pa_book-author-elisio-macamo","9":"first","10":"outofstock","11":"shipping-taxable","12":"purchasable","13":"product-type-simple"},"_links":{"self":[{"href":"https:\/\/mabuko.co.mz\/site\/index.php?rest_route=\/wp\/v2\/product\/5475","targetHints":{"allow":["GET"]}}],"collection":[{"href":"https:\/\/mabuko.co.mz\/site\/index.php?rest_route=\/wp\/v2\/product"}],"about":[{"href":"https:\/\/mabuko.co.mz\/site\/index.php?rest_route=\/wp\/v2\/types\/product"}],"wp:featuredmedia":[{"embeddable":true,"href":"https:\/\/mabuko.co.mz\/site\/index.php?rest_route=\/wp\/v2\/media\/5478"}],"wp:attachment":[{"href":"https:\/\/mabuko.co.mz\/site\/index.php?rest_route=%2Fwp%2Fv2%2Fmedia&parent=5475"}],"wp:term":[{"taxonomy":"product_cat","embeddable":true,"href":"https:\/\/mabuko.co.mz\/site\/index.php?rest_route=%2Fwp%2Fv2%2Fproduct_cat&post=5475"},{"taxonomy":"product_tag","embeddable":true,"href":"https:\/\/mabuko.co.mz\/site\/index.php?rest_route=%2Fwp%2Fv2%2Fproduct_tag&post=5475"}],"curies":[{"name":"wp","href":"https:\/\/api.w.org\/{rel}","templated":true}]}}