{"id":5473,"date":"2022-07-22T08:53:16","date_gmt":"2022-07-22T08:53:16","guid":{"rendered":"https:\/\/mabuko.co.mz\/?post_type=product&#038;p=5473"},"modified":"2023-06-08T11:49:33","modified_gmt":"2023-06-08T11:49:33","slug":"as-duas-sombras-do-rio","status":"publish","type":"product","link":"https:\/\/mabuko.co.mz\/site\/?product=as-duas-sombras-do-rio","title":{"rendered":"AS DUAS SOMBRAS DO RIO"},"content":{"rendered":"<p>Jo\u00e3o Paulo Borges Coelho<\/p>\n<p>9789024796366<\/p>\n","protected":false},"excerpt":{"rendered":"<p><strong>SINOPSE<\/strong><\/p>\n<p>Esta \u00e9 uma hist\u00f3ria feita de hist\u00f3rias entretecidas. Hist\u00f3rias de guerra e de sobreviv\u00eancia, de pequenos sinais de humanidade rompendo da viol\u00eancia como as plantas rompem das pedras.<br \/>\n\u00c9 tamb\u00e9m uma hist\u00f3ria de divis\u00f5es: divis\u00f5es entre a mem\u00f3ria e o presente, entre os deuses e os homens, entre os homens eles pr\u00f3prios. Divis\u00f5es que crescem no espa\u00e7o da grande divis\u00e3o que o majestoso rio Zambeze cavou, separando o mundo da cobra feminina, milenar e s\u00e1bia, e o mundo do le\u00e3o masculino, jovem e fogoso \u2014 erigindo uma fronteira entre o Norte e o Sul.<br \/>\nPor isso sofre tanto, dividido, sem se encontrar, o pobre Le\u00f3nidas Ntsato, que tem apelido de cobra mas a quem o pai deu nome de le\u00e3o. E por isso se afadigam tanto os curandeiros, pedindo aos deuses que o deixem voltar a ser um s\u00f3.<br \/>\nEsta hist\u00f3ria feita de hist\u00f3rias mostra que talvez os homens encontrem na ilha de Cacessemo, a meio do rio, uma ponte de uni\u00e3o entre o mundo da \u00e1gua e o mundo do fogo.<\/p>\n","protected":false},"featured_media":5474,"template":"","meta":{"_monsterinsights_skip_tracking":false,"_monsterinsights_sitenote_active":false,"_monsterinsights_sitenote_note":"","_monsterinsights_sitenote_category":0},"product_cat":[105],"product_tag":[],"class_list":{"0":"post-5473","1":"product","2":"type-product","3":"status-publish","4":"has-post-thumbnail","6":"product_cat-romance","7":"pa_book-author-joao-paulo-borges-coelho","9":"first","10":"outofstock","11":"shipping-taxable","12":"purchasable","13":"product-type-simple"},"_links":{"self":[{"href":"https:\/\/mabuko.co.mz\/site\/index.php?rest_route=\/wp\/v2\/product\/5473","targetHints":{"allow":["GET"]}}],"collection":[{"href":"https:\/\/mabuko.co.mz\/site\/index.php?rest_route=\/wp\/v2\/product"}],"about":[{"href":"https:\/\/mabuko.co.mz\/site\/index.php?rest_route=\/wp\/v2\/types\/product"}],"wp:featuredmedia":[{"embeddable":true,"href":"https:\/\/mabuko.co.mz\/site\/index.php?rest_route=\/wp\/v2\/media\/5474"}],"wp:attachment":[{"href":"https:\/\/mabuko.co.mz\/site\/index.php?rest_route=%2Fwp%2Fv2%2Fmedia&parent=5473"}],"wp:term":[{"taxonomy":"product_cat","embeddable":true,"href":"https:\/\/mabuko.co.mz\/site\/index.php?rest_route=%2Fwp%2Fv2%2Fproduct_cat&post=5473"},{"taxonomy":"product_tag","embeddable":true,"href":"https:\/\/mabuko.co.mz\/site\/index.php?rest_route=%2Fwp%2Fv2%2Fproduct_tag&post=5473"}],"curies":[{"name":"wp","href":"https:\/\/api.w.org\/{rel}","templated":true}]}}