{"id":5471,"date":"2022-07-22T08:45:14","date_gmt":"2022-07-22T08:45:14","guid":{"rendered":"https:\/\/mabuko.co.mz\/?post_type=product&#038;p=5471"},"modified":"2022-12-30T13:26:54","modified_gmt":"2022-12-30T13:26:54","slug":"campo-de-transito","status":"publish","type":"product","link":"https:\/\/mabuko.co.mz\/site\/?product=campo-de-transito","title":{"rendered":"CAMPO DE TR\u00c2NSITO"},"content":{"rendered":"<p>Jo\u00e3o Paulo Borges Coelho<br \/>\n9789024796649<\/p>\n","protected":false},"excerpt":{"rendered":"<div id=\"productPageSectionAboutBook-sinopseTitle\" class=\"right-title\"><strong>SINOPSE<\/strong><\/div>\n<div id=\"productPageSectionAboutBook-sinopse\" class=\"right-text\">\n<p>J. Mungau \u00e9 detido e levado para o Campo de Tr\u00e2nsito, onde fica a aguardar transfer\u00eancia para um lugar definitivo. Ser\u00e1 que a escolha desse lugar depende de algo que Mungau possa fazer? Ou, pelo contr\u00e1rio, o seu destino est\u00e1 marcado de antem\u00e3o? Afastado do futuro por incontorn\u00e1veis circunst\u00e2ncias, tamb\u00e9m no passado Mungau tem dificuldade em achar o seu lugar. Enquanto aguarda, esfor\u00e7a-se por descobrir as rela\u00e7\u00f5es que os que o cercam estabelecem entre si &#8211; o Professor e a sua esquiva mulher, o Chefe da Aldeia, a Desengon\u00e7ada Gar\u00e7a, o enigm\u00e1tico Vendedor de Ch\u00e1 e o cortejo de feirantes e artistas que ali chega uma vez por m\u00eas anunciando os seus produtos e atirando ao ar as suas bolas coloridas &#8211; uma complexa teia gerida com mestria por um incans\u00e1vel Director. Ao mesmo tempo, Mungau aprende que nada \u00e9 mais relativo que os conceitos de justi\u00e7a e liberdade.<br \/>\nEntretanto, o tempo escasseia e os acontecimentos precipitam-se. Os ventos da floresta trazem dados novos e n\u00e3o \u00e9 certo que o pequeno Campo de Tr\u00e2nsito consiga inseri-los no ramerr\u00e3o do seu funcionamento di\u00e1rio.<\/p>\n<\/div>\n","protected":false},"featured_media":5472,"template":"","meta":{"_monsterinsights_skip_tracking":false,"_monsterinsights_sitenote_active":false,"_monsterinsights_sitenote_note":"","_monsterinsights_sitenote_category":0},"product_cat":[105],"product_tag":[],"class_list":{"0":"post-5471","1":"product","2":"type-product","3":"status-publish","4":"has-post-thumbnail","6":"product_cat-romance","7":"pa_book-author-joao-paulo-borges-coelho","9":"first","10":"instock","11":"shipping-taxable","12":"purchasable","13":"product-type-simple"},"_links":{"self":[{"href":"https:\/\/mabuko.co.mz\/site\/index.php?rest_route=\/wp\/v2\/product\/5471","targetHints":{"allow":["GET"]}}],"collection":[{"href":"https:\/\/mabuko.co.mz\/site\/index.php?rest_route=\/wp\/v2\/product"}],"about":[{"href":"https:\/\/mabuko.co.mz\/site\/index.php?rest_route=\/wp\/v2\/types\/product"}],"wp:featuredmedia":[{"embeddable":true,"href":"https:\/\/mabuko.co.mz\/site\/index.php?rest_route=\/wp\/v2\/media\/5472"}],"wp:attachment":[{"href":"https:\/\/mabuko.co.mz\/site\/index.php?rest_route=%2Fwp%2Fv2%2Fmedia&parent=5471"}],"wp:term":[{"taxonomy":"product_cat","embeddable":true,"href":"https:\/\/mabuko.co.mz\/site\/index.php?rest_route=%2Fwp%2Fv2%2Fproduct_cat&post=5471"},{"taxonomy":"product_tag","embeddable":true,"href":"https:\/\/mabuko.co.mz\/site\/index.php?rest_route=%2Fwp%2Fv2%2Fproduct_tag&post=5471"}],"curies":[{"name":"wp","href":"https:\/\/api.w.org\/{rel}","templated":true}]}}