{"id":5469,"date":"2022-07-22T08:37:01","date_gmt":"2022-07-22T08:37:01","guid":{"rendered":"https:\/\/mabuko.co.mz\/?post_type=product&#038;p=5469"},"modified":"2022-12-30T13:27:48","modified_gmt":"2022-12-30T13:27:48","slug":"sina-de-arauanda","status":"publish","type":"product","link":"https:\/\/mabuko.co.mz\/site\/?product=sina-de-arauanda","title":{"rendered":"SINA DE ARAUANDA"},"content":{"rendered":"<p>Virg\u00edlia Ferr\u00e3o<\/p>\n<p>9789895457786<\/p>\n","protected":false},"excerpt":{"rendered":"<p><strong>SINOPSE<\/strong><\/p>\n<p>A \u00faltima coisa que Pedro Lucas deseja \u00e9 ver a sua amada traficada como escrava para as Ilhas Francesas. Dona Lu\u00edsa Noronha, entretanto, dona do Prazo de Aruanda m\u00e3e de Pedro Lucas, \u00e9 uma mulher que n\u00e3o poupa esfor\u00e7os para alcan\u00e7ar seus objectivos, trazendo assim uma trag\u00e9dia \u00e0 Aruanda.<\/p>\n<p>Muitos anos depois, Daniel de Barros, carism\u00e1tico consultor ambiental, nutre uma inexplic\u00e1vel paix\u00e3o pela regi\u00e3o de Aruanda, come\u00e7ando um projecto de restaura\u00e7\u00e3o na miss\u00e3o de Mobora. Para tanto, conta com a ajuda de Maria Cristina, uma estudante que vive atormentada pelo seu passado, e de Angelina Manhi\u00e7a, uma jovem perturbada pelo seu bizarro dom. Ambas v\u00eaem-se a abra\u00e7ar as causas ambientais e o projecto de Daniel de Barros, desconhecendo, por\u00e9m, a estranha sina que as espera \u00a0ao desvendarem uma verdade sobre Daniel de Barros.<\/p>\n","protected":false},"featured_media":5470,"template":"","meta":{"_monsterinsights_skip_tracking":false,"_monsterinsights_sitenote_active":false,"_monsterinsights_sitenote_note":"","_monsterinsights_sitenote_category":0},"product_cat":[105],"product_tag":[],"class_list":{"0":"post-5469","1":"product","2":"type-product","3":"status-publish","4":"has-post-thumbnail","6":"product_cat-romance","7":"pa_book-author-virgilia-ferrao","9":"first","10":"outofstock","11":"shipping-taxable","12":"purchasable","13":"product-type-simple"},"_links":{"self":[{"href":"https:\/\/mabuko.co.mz\/site\/index.php?rest_route=\/wp\/v2\/product\/5469","targetHints":{"allow":["GET"]}}],"collection":[{"href":"https:\/\/mabuko.co.mz\/site\/index.php?rest_route=\/wp\/v2\/product"}],"about":[{"href":"https:\/\/mabuko.co.mz\/site\/index.php?rest_route=\/wp\/v2\/types\/product"}],"wp:featuredmedia":[{"embeddable":true,"href":"https:\/\/mabuko.co.mz\/site\/index.php?rest_route=\/wp\/v2\/media\/5470"}],"wp:attachment":[{"href":"https:\/\/mabuko.co.mz\/site\/index.php?rest_route=%2Fwp%2Fv2%2Fmedia&parent=5469"}],"wp:term":[{"taxonomy":"product_cat","embeddable":true,"href":"https:\/\/mabuko.co.mz\/site\/index.php?rest_route=%2Fwp%2Fv2%2Fproduct_cat&post=5469"},{"taxonomy":"product_tag","embeddable":true,"href":"https:\/\/mabuko.co.mz\/site\/index.php?rest_route=%2Fwp%2Fv2%2Fproduct_tag&post=5469"}],"curies":[{"name":"wp","href":"https:\/\/api.w.org\/{rel}","templated":true}]}}