{"id":5468,"date":"2022-07-22T08:09:49","date_gmt":"2022-07-22T08:09:49","guid":{"rendered":"https:\/\/mabuko.co.mz\/?post_type=product&#038;p=5468"},"modified":"2022-12-30T13:28:47","modified_gmt":"2022-12-30T13:28:47","slug":"planisferio-mocambicano-atlas-literario","status":"publish","type":"product","link":"https:\/\/mabuko.co.mz\/site\/?product=planisferio-mocambicano-atlas-literario","title":{"rendered":"PLANISF\u00c9RIO MO\u00c7AMBICANO Atlas liter\u00e1rio"},"content":{"rendered":"<p>Nelson Sa\u00fate<\/p>\n<p>9789895425549<\/p>\n","protected":false},"excerpt":{"rendered":"<p><strong>SINOPSE<\/strong><\/p>\n<p>O primeiro texto que redigi para o jornal, o vetusto Not\u00edcias, era uma cr\u00edtica de teatro e saiu a 27 de Mar\u00e7o de 1984. Eu tinha 17 anos. Pratiquei mais tarde jornalismo cultural. Entrevistei escritores, escrevi sobre livros, visitei exposi\u00e7\u00f5es e fiz o testemunho disso, cobri concertos. Fiz recens\u00e3o jornal\u00edstica de livros. Jovem rep\u00f3rter, debutei na R\u00e1dio Mo\u00e7ambique, em 1983, transitei depois para a revista Tempo onde vivi com g\u00e1udio a aventura da \u00abGazeta de Artes e Letras\u00bb. Tive colunas no Not\u00edcias, Zambeze e agora no Jornal O Pais, de onde s\u00e3o oriundos estes textos. Transitei, quando vivia em portugal, da redac\u00e7\u00e3o do jornal de Letras para o di\u00e1rio P\u00fablico.<\/p>\n<p>Depois de longos anos arredado dos jornais- o excurso me levara a fazer r\u00e1dio, televis\u00e3o, mas sobretudo a banca de Jornais- retornei \u00e0 cr\u00f3nica semanal e escolhi a mem\u00f3ria como meu tema entre n\u00f3s. Este livro \u00e9 isso mesmo. \u00c9, sobretudo, uma celebra\u00e7\u00e3o de Mo\u00e7ambique, dos seus autores, dos seus m\u00fasicos, dos seus pintores, dos seus fot\u00f3grafos, da sua memoria e da sua cultura, da sua intelig\u00eancia e inquietude. Por outras palavras, um planisf\u00e9rio mo\u00e7ambicano: o pa\u00eds visto sob o ponto de vista cultural.<\/p>\n","protected":false},"featured_media":5984,"template":"","meta":{"_monsterinsights_skip_tracking":false,"_monsterinsights_sitenote_active":false,"_monsterinsights_sitenote_note":"","_monsterinsights_sitenote_category":0},"product_cat":[103],"product_tag":[],"class_list":{"0":"post-5468","1":"product","2":"type-product","3":"status-publish","4":"has-post-thumbnail","6":"product_cat-literatura","7":"pa_book-author-nelson-saute","9":"first","10":"outofstock","11":"shipping-taxable","12":"purchasable","13":"product-type-simple"},"_links":{"self":[{"href":"https:\/\/mabuko.co.mz\/site\/index.php?rest_route=\/wp\/v2\/product\/5468","targetHints":{"allow":["GET"]}}],"collection":[{"href":"https:\/\/mabuko.co.mz\/site\/index.php?rest_route=\/wp\/v2\/product"}],"about":[{"href":"https:\/\/mabuko.co.mz\/site\/index.php?rest_route=\/wp\/v2\/types\/product"}],"wp:featuredmedia":[{"embeddable":true,"href":"https:\/\/mabuko.co.mz\/site\/index.php?rest_route=\/wp\/v2\/media\/5984"}],"wp:attachment":[{"href":"https:\/\/mabuko.co.mz\/site\/index.php?rest_route=%2Fwp%2Fv2%2Fmedia&parent=5468"}],"wp:term":[{"taxonomy":"product_cat","embeddable":true,"href":"https:\/\/mabuko.co.mz\/site\/index.php?rest_route=%2Fwp%2Fv2%2Fproduct_cat&post=5468"},{"taxonomy":"product_tag","embeddable":true,"href":"https:\/\/mabuko.co.mz\/site\/index.php?rest_route=%2Fwp%2Fv2%2Fproduct_tag&post=5468"}],"curies":[{"name":"wp","href":"https:\/\/api.w.org\/{rel}","templated":true}]}}