{"id":5466,"date":"2022-07-22T07:31:11","date_gmt":"2022-07-22T07:31:11","guid":{"rendered":"https:\/\/mabuko.co.mz\/?post_type=product&#038;p=5466"},"modified":"2022-12-30T13:31:45","modified_gmt":"2022-12-30T13:31:45","slug":"o-velho-e-o-mato","status":"publish","type":"product","link":"https:\/\/mabuko.co.mz\/site\/?product=o-velho-e-o-mato","title":{"rendered":"O VELHO E O MATO"},"content":{"rendered":"<p>S\u00e9rgio Veiga<\/p>\n<p>9789897541087<\/p>\n","protected":false},"excerpt":{"rendered":"<div id=\"productPageSectionAboutBook-sinopseTitle\" class=\"right-title\"><strong>SINOPSE<\/strong><\/div>\n<div id=\"productPageSectionAboutBook-sinopse\" class=\"right-text\">\n<p>S\u00e9rgio Veiga descreve com mestria o mar, as florestas e plan\u00edcies, a ca\u00e7a e a morte, a solid\u00e3o da savana e o cheiro da terra. De tal forma nos envolve nesta sua magia que s\u00e3o as letras, que passado pouco tempo sentimos que com Hermenegildo estamos a viver esta aventura. Uma aventura de retorno \u00e0s origens, no fim da vida, depois da morte do seu verdadeiro amor e melhor amiga. Uma aventura de vida e morte, na busca de si mesmo, do seu esp\u00edrito ca\u00e7ador, da sua alma de homem do mato.<br \/>\n<i>O Velho e o Mato<\/i>\u00a0\u00e9 uma lufada de ar fresco na literatura africana, que nos transporta a um Mo\u00e7ambique cheio de vida e de cor!<\/p>\n<\/div>\n","protected":false},"featured_media":5467,"template":"","meta":{"_monsterinsights_skip_tracking":false,"_monsterinsights_sitenote_active":false,"_monsterinsights_sitenote_note":"","_monsterinsights_sitenote_category":0},"product_cat":[105],"product_tag":[],"class_list":{"0":"post-5466","1":"product","2":"type-product","3":"status-publish","4":"has-post-thumbnail","6":"product_cat-romance","7":"pa_book-author-sergio-veiga","9":"first","10":"outofstock","11":"shipping-taxable","12":"purchasable","13":"product-type-simple"},"_links":{"self":[{"href":"https:\/\/mabuko.co.mz\/site\/index.php?rest_route=\/wp\/v2\/product\/5466","targetHints":{"allow":["GET"]}}],"collection":[{"href":"https:\/\/mabuko.co.mz\/site\/index.php?rest_route=\/wp\/v2\/product"}],"about":[{"href":"https:\/\/mabuko.co.mz\/site\/index.php?rest_route=\/wp\/v2\/types\/product"}],"wp:featuredmedia":[{"embeddable":true,"href":"https:\/\/mabuko.co.mz\/site\/index.php?rest_route=\/wp\/v2\/media\/5467"}],"wp:attachment":[{"href":"https:\/\/mabuko.co.mz\/site\/index.php?rest_route=%2Fwp%2Fv2%2Fmedia&parent=5466"}],"wp:term":[{"taxonomy":"product_cat","embeddable":true,"href":"https:\/\/mabuko.co.mz\/site\/index.php?rest_route=%2Fwp%2Fv2%2Fproduct_cat&post=5466"},{"taxonomy":"product_tag","embeddable":true,"href":"https:\/\/mabuko.co.mz\/site\/index.php?rest_route=%2Fwp%2Fv2%2Fproduct_tag&post=5466"}],"curies":[{"name":"wp","href":"https:\/\/api.w.org\/{rel}","templated":true}]}}