{"id":5465,"date":"2022-08-24T14:09:56","date_gmt":"2022-08-24T14:09:56","guid":{"rendered":"https:\/\/mabuko.co.mz\/?post_type=product&#038;p=5465"},"modified":"2023-04-13T09:25:10","modified_gmt":"2023-04-13T09:25:10","slug":"buganvilias-carapau-e-repolho-historias-do-tempo-vivido","status":"publish","type":"product","link":"https:\/\/mabuko.co.mz\/site\/?product=buganvilias-carapau-e-repolho-historias-do-tempo-vivido","title":{"rendered":"BUGANV\u00cdLIAS, CARAPAU E REPOLHO hist\u00f3rias do tempo vivido"},"content":{"rendered":"<p>Paula Perdig\u00e3o<\/p>\n<p>9789895302437<\/p>\n","protected":false},"excerpt":{"rendered":"<p><strong>SINOPSE<\/strong><\/p>\n<p>Somos uma gera\u00e7\u00e3o\u00a0privilegiada particip\u00e1mos na constru\u00e7\u00e3o\u00a0de um pais novo. Empenhados, entusiasmados, sonhadores, ut\u00f3picos. \u00c9ramos uns mi\u00fados e assumimos\u00a0responsabilidades de gente grande! Quantas vivenciais e hist\u00f3rias vividas! Umas hilariantes, outras desafiantes, umas giras, outras nem por isso. Hist\u00f3rias que apenas circulavam entre amigo, \u00e0 volta das mesas do almo\u00e7o e jantares. Da\u00ed nasceu a ideia deste livro. Para que a mem\u00f3ria dos tempos n\u00e3o se esfume. Um email desafiante aos v\u00e1rios amigos. E surpresa das surpresas.. a ideia ganhou asas. Estas s\u00e3o hist\u00f3rias ver\u00eddicas de um Mo\u00e7ambique que acabava de reinventar, livre e solid\u00e1rio. Esta \u00e9 a palavra mais bonita e frequente que ir\u00e3o encontrar nestes relatos: solidariedade!<\/p>\n","protected":false},"featured_media":5982,"template":"","meta":{"_monsterinsights_skip_tracking":false,"_monsterinsights_sitenote_active":false,"_monsterinsights_sitenote_note":"","_monsterinsights_sitenote_category":0},"product_cat":[319],"product_tag":[],"class_list":{"0":"post-5465","1":"product","2":"type-product","3":"status-publish","4":"has-post-thumbnail","6":"product_cat-literatura-mocambicana","7":"pa_book-author-paula-perdigao","9":"first","10":"outofstock","11":"shipping-taxable","12":"purchasable","13":"product-type-simple"},"_links":{"self":[{"href":"https:\/\/mabuko.co.mz\/site\/index.php?rest_route=\/wp\/v2\/product\/5465","targetHints":{"allow":["GET"]}}],"collection":[{"href":"https:\/\/mabuko.co.mz\/site\/index.php?rest_route=\/wp\/v2\/product"}],"about":[{"href":"https:\/\/mabuko.co.mz\/site\/index.php?rest_route=\/wp\/v2\/types\/product"}],"wp:featuredmedia":[{"embeddable":true,"href":"https:\/\/mabuko.co.mz\/site\/index.php?rest_route=\/wp\/v2\/media\/5982"}],"wp:attachment":[{"href":"https:\/\/mabuko.co.mz\/site\/index.php?rest_route=%2Fwp%2Fv2%2Fmedia&parent=5465"}],"wp:term":[{"taxonomy":"product_cat","embeddable":true,"href":"https:\/\/mabuko.co.mz\/site\/index.php?rest_route=%2Fwp%2Fv2%2Fproduct_cat&post=5465"},{"taxonomy":"product_tag","embeddable":true,"href":"https:\/\/mabuko.co.mz\/site\/index.php?rest_route=%2Fwp%2Fv2%2Fproduct_tag&post=5465"}],"curies":[{"name":"wp","href":"https:\/\/api.w.org\/{rel}","templated":true}]}}