{"id":5463,"date":"2022-07-22T06:51:39","date_gmt":"2022-07-22T06:51:39","guid":{"rendered":"https:\/\/mabuko.co.mz\/?post_type=product&#038;p=5463"},"modified":"2022-12-30T13:32:58","modified_gmt":"2022-12-30T13:32:58","slug":"o-quente-aconchego-da-mae-negra","status":"publish","type":"product","link":"https:\/\/mabuko.co.mz\/site\/?product=o-quente-aconchego-da-mae-negra","title":{"rendered":"O QUENTE ACONCHEGO DA M\u00c3E NEGRA"},"content":{"rendered":"<p>S\u00e9rgio Veiga<\/p>\n<p>9789898470393<\/p>\n","protected":false},"excerpt":{"rendered":"<div id=\"productPageSectionAboutBook-sinopseTitle\" class=\"right-title\"><strong>SINOPSE<\/strong><\/div>\n<div id=\"productPageSectionAboutBook-sinopse\" class=\"right-text\">\n<p><i>O Quente Aconchego da M\u00e3e Negra<\/i>\u00a0\u00e9 a voz de um povo, o sangue africano em p\u00e1ginas de relatos verdadeiros vividos na primeira pessoa. Relatos arrebatados do mais \u00edntimo da rara sapi\u00eancia dos velhos contadores de hist\u00f3rias de Mo\u00e7ambique. S\u00e9rgio veiga \u00e9 um deles e emerge de si com uma oralidade pura e genu\u00edna.<\/p>\n<p>A narrativa de <i>O Quente Aconchego da M\u00e3e Negra<\/i> nasceu das horas passadas como ca\u00e7ador na Savana africana, ca\u00e7ador profissional, S\u00e9rgio Veiga, viu na penumbra das emboscadas o desenrolar das hist\u00f3rias, o viver das personagens e o nascimento deste livro. \u00c9 com o seu instinto de quase predador que S\u00e9rgio Veiga constr\u00f3i nestas p\u00e1ginas o trilho at\u00e9 \u00e0 sua alma.<\/p>\n<p>Este livro\u00a0\u00e9 uma sedu\u00e7\u00e3o entre a presa e o seu ca\u00e7ador.<\/p>\n<\/div>\n","protected":false},"featured_media":5464,"template":"","meta":{"_monsterinsights_skip_tracking":false,"_monsterinsights_sitenote_active":false,"_monsterinsights_sitenote_note":"","_monsterinsights_sitenote_category":0},"product_cat":[105],"product_tag":[],"class_list":{"0":"post-5463","1":"product","2":"type-product","3":"status-publish","4":"has-post-thumbnail","6":"product_cat-romance","7":"pa_book-author-sergio-veiga","9":"first","10":"outofstock","11":"shipping-taxable","12":"purchasable","13":"product-type-simple"},"_links":{"self":[{"href":"https:\/\/mabuko.co.mz\/site\/index.php?rest_route=\/wp\/v2\/product\/5463","targetHints":{"allow":["GET"]}}],"collection":[{"href":"https:\/\/mabuko.co.mz\/site\/index.php?rest_route=\/wp\/v2\/product"}],"about":[{"href":"https:\/\/mabuko.co.mz\/site\/index.php?rest_route=\/wp\/v2\/types\/product"}],"wp:featuredmedia":[{"embeddable":true,"href":"https:\/\/mabuko.co.mz\/site\/index.php?rest_route=\/wp\/v2\/media\/5464"}],"wp:attachment":[{"href":"https:\/\/mabuko.co.mz\/site\/index.php?rest_route=%2Fwp%2Fv2%2Fmedia&parent=5463"}],"wp:term":[{"taxonomy":"product_cat","embeddable":true,"href":"https:\/\/mabuko.co.mz\/site\/index.php?rest_route=%2Fwp%2Fv2%2Fproduct_cat&post=5463"},{"taxonomy":"product_tag","embeddable":true,"href":"https:\/\/mabuko.co.mz\/site\/index.php?rest_route=%2Fwp%2Fv2%2Fproduct_tag&post=5463"}],"curies":[{"name":"wp","href":"https:\/\/api.w.org\/{rel}","templated":true}]}}