{"id":5449,"date":"2022-07-21T14:58:34","date_gmt":"2022-07-21T14:58:34","guid":{"rendered":"https:\/\/mabuko.co.mz\/?post_type=product&#038;p=5449"},"modified":"2022-12-30T13:34:48","modified_gmt":"2022-12-30T13:34:48","slug":"cidade-dos-espelhos","status":"publish","type":"product","link":"https:\/\/mabuko.co.mz\/site\/?product=cidade-dos-espelhos","title":{"rendered":"CIDADE DOS ESPELHOS"},"content":{"rendered":"<p>Jo\u00e3o Paulo Borges Coelho<\/p>\n<p>9789024797059<\/p>\n","protected":false},"excerpt":{"rendered":"<div id=\"productPageSectionAboutBook-sinopseTitle\" class=\"right-title\"><strong>SINOPSE<\/strong><\/div>\n<div id=\"productPageSectionAboutBook-sinopse\" class=\"right-text\">\n<p>Nestes tempos, em que est\u00e3o em escombros as pequenas pontes do di\u00e1logo, esvoa\u00e7a o colibri demandando novos poleiros.<br \/>\nQuando retomar a Avenida Louise, passando o rotineiro abalo, saltitar\u00e1 sobre o lixo do lixo que ainda assim ficou para nos dar provas de que nada chega ao fim; vai faz\u00ea-lo at\u00e9 chegar \u00e0 ponte, at\u00e9 a atravessar, at\u00e9 cumprimentar um tenente a quem o escuro buraco de uma certa cana de bambu continua a intrigar, e penetrar enfim, com uma sempre renovada timidez, nas arborizadas alamedas pl\u00e1sticas que enchem de frescura fabricada a Zona Alta.<\/p>\n<\/div>\n","protected":false},"featured_media":5450,"template":"","meta":{"_monsterinsights_skip_tracking":false,"_monsterinsights_sitenote_active":false,"_monsterinsights_sitenote_note":"","_monsterinsights_sitenote_category":0},"product_cat":[105],"product_tag":[],"class_list":{"0":"post-5449","1":"product","2":"type-product","3":"status-publish","4":"has-post-thumbnail","6":"product_cat-romance","7":"pa_book-author-joao-paulo-borges-coelho","9":"first","10":"outofstock","11":"shipping-taxable","12":"purchasable","13":"product-type-simple"},"_links":{"self":[{"href":"https:\/\/mabuko.co.mz\/site\/index.php?rest_route=\/wp\/v2\/product\/5449","targetHints":{"allow":["GET"]}}],"collection":[{"href":"https:\/\/mabuko.co.mz\/site\/index.php?rest_route=\/wp\/v2\/product"}],"about":[{"href":"https:\/\/mabuko.co.mz\/site\/index.php?rest_route=\/wp\/v2\/types\/product"}],"wp:featuredmedia":[{"embeddable":true,"href":"https:\/\/mabuko.co.mz\/site\/index.php?rest_route=\/wp\/v2\/media\/5450"}],"wp:attachment":[{"href":"https:\/\/mabuko.co.mz\/site\/index.php?rest_route=%2Fwp%2Fv2%2Fmedia&parent=5449"}],"wp:term":[{"taxonomy":"product_cat","embeddable":true,"href":"https:\/\/mabuko.co.mz\/site\/index.php?rest_route=%2Fwp%2Fv2%2Fproduct_cat&post=5449"},{"taxonomy":"product_tag","embeddable":true,"href":"https:\/\/mabuko.co.mz\/site\/index.php?rest_route=%2Fwp%2Fv2%2Fproduct_tag&post=5449"}],"curies":[{"name":"wp","href":"https:\/\/api.w.org\/{rel}","templated":true}]}}