{"id":5444,"date":"2022-07-21T14:27:07","date_gmt":"2022-07-21T14:27:07","guid":{"rendered":"https:\/\/mabuko.co.mz\/?post_type=product&#038;p=5444"},"modified":"2022-12-30T13:36:35","modified_gmt":"2022-12-30T13:36:35","slug":"no-verso-da-cicatriz","status":"publish","type":"product","link":"https:\/\/mabuko.co.mz\/site\/?product=no-verso-da-cicatriz","title":{"rendered":"NO VERSO DA CICATRIZ"},"content":{"rendered":"<p>Bento Baloi<\/p>\n","protected":false},"excerpt":{"rendered":"<div id=\"productPageSectionAboutBook-sinopseTitle\" class=\"right-title\"><strong>SINOPSE<\/strong><\/div>\n<div id=\"productPageSectionAboutBook-sinopse\" class=\"right-text\">\n<p>Um casal de apaixonados v\u00ea os seus caminhos desencontrarem-se por for\u00e7a das circunst\u00e2ncias da hist\u00f3ria de um Mo\u00e7ambique p\u00f3s-independ\u00eancia. Uma sequ\u00eancia de intrigas e mal-entendidos conduz o rapaz ao desterro. Primeiro para Milange, para onde foram enviadas as Testemunhas de Jeov\u00e1. Depois para Mavago, nas amarras da chamada\u00a0<i>Opera\u00e7\u00e3o Produ\u00e7\u00e3o<\/i>.<\/p>\n<p>As incessantes buscas dos caminhos do reencontro transformam este enredo num drama que se enrosca no percurso hist\u00f3rico de uma na\u00e7\u00e3o em constru\u00e7\u00e3o. O casal acaba mergulhado no epicentro de uma guerra fratricida. Uma guerra que lhes \u00e9 alheia, mas que mata e destr\u00f3i.<\/p>\n<p>Esta \u00e9 uma hist\u00f3ria de dor, paix\u00f5es, luta e perseveran\u00e7a. \u00c9 o desvendar do que se esconde por detr\u00e1s de uma cicatriz de quem acredita num amanh\u00e3 radiante para todos.<\/p>\n<\/div>\n","protected":false},"featured_media":5446,"template":"","meta":{"_monsterinsights_skip_tracking":false,"_monsterinsights_sitenote_active":false,"_monsterinsights_sitenote_note":"","_monsterinsights_sitenote_category":0},"product_cat":[105],"product_tag":[],"class_list":{"0":"post-5444","1":"product","2":"type-product","3":"status-publish","4":"has-post-thumbnail","6":"product_cat-romance","7":"pa_book-author-bento-baloi","9":"first","10":"outofstock","11":"shipping-taxable","12":"purchasable","13":"product-type-simple"},"_links":{"self":[{"href":"https:\/\/mabuko.co.mz\/site\/index.php?rest_route=\/wp\/v2\/product\/5444","targetHints":{"allow":["GET"]}}],"collection":[{"href":"https:\/\/mabuko.co.mz\/site\/index.php?rest_route=\/wp\/v2\/product"}],"about":[{"href":"https:\/\/mabuko.co.mz\/site\/index.php?rest_route=\/wp\/v2\/types\/product"}],"wp:featuredmedia":[{"embeddable":true,"href":"https:\/\/mabuko.co.mz\/site\/index.php?rest_route=\/wp\/v2\/media\/5446"}],"wp:attachment":[{"href":"https:\/\/mabuko.co.mz\/site\/index.php?rest_route=%2Fwp%2Fv2%2Fmedia&parent=5444"}],"wp:term":[{"taxonomy":"product_cat","embeddable":true,"href":"https:\/\/mabuko.co.mz\/site\/index.php?rest_route=%2Fwp%2Fv2%2Fproduct_cat&post=5444"},{"taxonomy":"product_tag","embeddable":true,"href":"https:\/\/mabuko.co.mz\/site\/index.php?rest_route=%2Fwp%2Fv2%2Fproduct_tag&post=5444"}],"curies":[{"name":"wp","href":"https:\/\/api.w.org\/{rel}","templated":true}]}}