{"id":5440,"date":"2022-07-21T14:00:26","date_gmt":"2022-07-21T14:00:26","guid":{"rendered":"https:\/\/mabuko.co.mz\/?post_type=product&#038;p=5440"},"modified":"2022-12-30T13:38:35","modified_gmt":"2022-12-30T13:38:35","slug":"o-pais-irreal-estudos-em-ficcao-sociologica","status":"publish","type":"product","link":"https:\/\/mabuko.co.mz\/site\/?product=o-pais-irreal-estudos-em-ficcao-sociologica","title":{"rendered":"O PA\u00cdS IRREAL ESTUDOS EM FIC\u00c7\u00c3O SOCIOL\u00d3GICA"},"content":{"rendered":"<p>El\u00edsio Macamo<\/p>\n<p>9789928783028<\/p>\n","protected":false},"excerpt":{"rendered":"<p><strong>SINOPSE<\/strong><\/p>\n<p>Um pais irreal \u00e9 uma obra em textos publicados nas redes sociais. O autor ensaia novas formas de fazer sociologia baseadas nos estudos de meios sociais atrav\u00e9s da ficcionaliza\u00e7\u00e3o. A ideia central deste ensaio \u00e9 de reconhecer, e recuperar, a profundidade que a mensagem adquire quando as palavras s\u00e3o obrigadas a perdem o seu sentido. Mo\u00e7ambique, como qualquer outra sociedade, constitui-se na produ\u00e7\u00e3o de novos sentidos, os quais, por sua vez, s\u00e3o fun\u00e7\u00e3o n\u00e3o do que \u00e9 dito. O livro \u00e9 assim um convite \u00e0 aprecia\u00e7\u00e3o daquilo que Mo\u00e7ambique \u00e9, e pode ainda ser.<strong>\u00a0\u00a0\u00a0\u00a0\u00a0\u00a0\u00a0\u00a0 <\/strong><\/p>\n","protected":false},"featured_media":5442,"template":"","meta":{"_monsterinsights_skip_tracking":false,"_monsterinsights_sitenote_active":false,"_monsterinsights_sitenote_note":"","_monsterinsights_sitenote_category":0},"product_cat":[103],"product_tag":[],"class_list":{"0":"post-5440","1":"product","2":"type-product","3":"status-publish","4":"has-post-thumbnail","6":"product_cat-literatura","7":"pa_book-author-elisio-macamo","9":"first","10":"instock","11":"shipping-taxable","12":"purchasable","13":"product-type-simple"},"_links":{"self":[{"href":"https:\/\/mabuko.co.mz\/site\/index.php?rest_route=\/wp\/v2\/product\/5440","targetHints":{"allow":["GET"]}}],"collection":[{"href":"https:\/\/mabuko.co.mz\/site\/index.php?rest_route=\/wp\/v2\/product"}],"about":[{"href":"https:\/\/mabuko.co.mz\/site\/index.php?rest_route=\/wp\/v2\/types\/product"}],"wp:featuredmedia":[{"embeddable":true,"href":"https:\/\/mabuko.co.mz\/site\/index.php?rest_route=\/wp\/v2\/media\/5442"}],"wp:attachment":[{"href":"https:\/\/mabuko.co.mz\/site\/index.php?rest_route=%2Fwp%2Fv2%2Fmedia&parent=5440"}],"wp:term":[{"taxonomy":"product_cat","embeddable":true,"href":"https:\/\/mabuko.co.mz\/site\/index.php?rest_route=%2Fwp%2Fv2%2Fproduct_cat&post=5440"},{"taxonomy":"product_tag","embeddable":true,"href":"https:\/\/mabuko.co.mz\/site\/index.php?rest_route=%2Fwp%2Fv2%2Fproduct_tag&post=5440"}],"curies":[{"name":"wp","href":"https:\/\/api.w.org\/{rel}","templated":true}]}}